{"id":1625,"date":"2021-07-07T17:09:58","date_gmt":"2021-07-07T16:09:58","guid":{"rendered":"https:\/\/powpowriders.com\/?page_id=1625"},"modified":"2021-07-07T17:09:58","modified_gmt":"2021-07-07T16:09:58","slug":"rodo-_powpowriders_","status":"publish","type":"page","link":"https:\/\/powpowriders.com\/pow-store\/rodo-_powpowriders_\/","title":{"rendered":"RODO _powpowriders_"},"content":{"rendered":"\n<h5 class=\"wp-block-heading\"><strong>Klauzula informacyjna<\/strong><\/h5>\n\n\n\n<h5 class=\"wp-block-heading\">Administrator informuje zgodnie z art. 13 ust. 1 i 2 Rozporz\u0105dzenia Parlamentu Europejskiego i Rady (UE) 2016\/679 z dnia 27 kwietnia 2016 r. w sprawie ochrony os\u00f3b fizycznych w zwi\u0105zku z przetwarzaniem danych osobowych i w sprawie swobodnego przep\u0142ywu takich danych oraz uchylenia dyrektywy 95\/46\/WE (Og\u00f3lne rozporz\u0105dzenie o ochronie danych lub \u201eRODO\u201d):<\/h5>\n\n\n\n<h5 class=\"wp-block-heading\">1) Administratorem danych osobowych jest Kamila \u015awi\u0119czkowska, prowadz\u0105ca dzia\u0142alno\u015b\u0107 gospodarcz\u0105 pod firm\u0105: Kamila \u015awi\u0119czkowska CRE \u221e POWDER POWER RIDERS, ul. Krzysztofa Kamila Baczy\u0144skiego 37, 16 \u2013 001 Kleosin.<\/h5>\n\n\n\n<h5 class=\"wp-block-heading\">2) Dane osobowe przetwarzane b\u0119d\u0105 na podstawie:<\/h5>\n\n\n\n<h5 class=\"wp-block-heading\">a) art. 6 ust. 1 lit. a RODO &#8211; osoba, kt\u00f3rej dane dotycz\u0105 wyrazi\u0142a zgod\u0119 na przetwarzanie swoich danych osobowych w jednym lub wi\u0119kszej liczbie okre\u015blonych cel\u00f3w (w zakresie przetwarzania danych osobowych dotycz\u0105cych wizerunku),<\/h5>\n\n\n\n<h5 class=\"wp-block-heading\">b) art. 6 ust. 1 lit. b RODO \u2013 podj\u0119cie dzia\u0142a\u0144 na \u017c\u0105danie osoby, kt\u00f3rej dane dotycz\u0105, przed zawarciem umowy oraz w celu wykonania zawartej umowy,<\/h5>\n\n\n\n<h5 class=\"wp-block-heading\">c) art. 6 ust. 1 lit. f RODO \u2013 przetwarzanie jest niezb\u0119dne do cel\u00f3w wynikaj\u0105cych z prawnie uzasadnionych interes\u00f3w realizowanych przez Administratora (w zakresie dochodzenia ewentualnych roszcze\u0144 wynikaj\u0105cych z zawartej umowy).<\/h5>\n\n\n\n<h5 class=\"wp-block-heading\">3) Odbiorcami danych osobowych b\u0119dzie Kamila \u015awi\u0119czkowska CRE \u221e POWDER POWER RIDERS, podmioty \u015bwiadcz\u0105ce obs\u0142ug\u0119 ksi\u0119gow\u0105 i prawn\u0105 Administratora oraz inne podmioty przetwarzaj\u0105ce dane na podstawie umowy z Administratorem i wy\u0142\u0105cznie zgodnie z poleceniami administratora, a tak\u017ce podmioty kt\u00f3rym dane b\u0119d\u0105 udost\u0119pnione na podstawie przepis\u00f3w prawa.<\/h5>\n\n\n\n<h5 class=\"wp-block-heading\">4) Przetwarzane dane osobowe nie b\u0119d\u0105 przekazywane do pa\u0144stwa trzeciego (tj. pa\u0144stwa nienale\u017c\u0105cego do Europejskiego Obszaru Gospodarczego) i\/lub organizacji mi\u0119dzynarodowej.<\/h5>\n\n\n\n<h5 class=\"wp-block-heading\">5) Przetwarzane dane osobowe b\u0119d\u0105 przechowywane przez okres zgodny z przepisami prawa, w tym w szczeg\u00f3lno\u015bci przepisami prawa podatkowego lub do up\u0142ywu terminu przedawnienia roszcze\u0144 wynikaj\u0105cych z zawartej umowy, w zale\u017cno\u015bci od tego, kt\u00f3ry z tych termin\u00f3w up\u0142ynie najp\u00f3\u017aniej, a w przypadku danych osobowych dotycz\u0105cych wizerunku \u2013 do czasu zaprzestania gospodarczego wykorzystywania tych danych.<\/h5>\n\n\n\n<h5 class=\"wp-block-heading\">8) W zwi\u0105zku z przetwarzaniem danych osobowych, w zakresie i przypadkach wskazanych w RODO, przys\u0142uguj\u0105 Pani\/Panu nast\u0119puj\u0105ce prawa:<\/h5>\n\n\n\n<h5 class=\"wp-block-heading\">a) dost\u0119pu do tre\u015bci danych (art. 15 RODO);<\/h5>\n\n\n\n<h5 class=\"wp-block-heading\">b) do sprostowania danych (art. 16 RODO);<\/h5>\n\n\n\n<h5 class=\"wp-block-heading\">c) do usuni\u0119cia danych (art. 17 RODO);&nbsp;<\/h5>\n\n\n\n<h5 class=\"wp-block-heading\">d) do ograniczenia przetwarzania danych (art. 18 RODO);<\/h5>\n\n\n\n<h5 class=\"wp-block-heading\">e) do przenoszenia danych (art. 20 RODO);<\/h5>\n\n\n\n<h5 class=\"wp-block-heading\">f) do wniesienia sprzeciwu, (art. 21 RODO),<\/h5>\n\n\n\n<h5 class=\"wp-block-heading\">g) do wniesienia skargi do organu nadzorczego (Prezesa Urz\u0119du Ochrony Danych Osobowych) w przypadku uznania, \u017ce przetwarzanie danych osobowych narusza przepisy RODO.<\/h5>\n\n\n\n<h5 class=\"wp-block-heading\">7) Podanie danych osobowych jest dobrowolne, ale jest niezb\u0119dne dla zawarcia i wykonania umowy.<\/h5>\n\n\n\n<h5 class=\"wp-block-heading\">9) Dane osobowe nie b\u0119d\u0105 podlega\u0142y zautomatyzowanym decyzjom, w tym profilowaniu.<\/h5>\n","protected":false},"excerpt":{"rendered":"<p>Klauzula informacyjna Administrator informuje zgodnie z art. 13 ust. 1 i 2 Rozporz\u0105dzenia Parlamentu Europejskiego i Rady (UE) 2016\/679 z dnia 27 kwietnia 2016 r. w sprawie ochrony os\u00f3b fizycznych w zwi\u0105zku z przetwarzaniem danych osobowych i w sprawie swobodnego przep\u0142ywu takich danych oraz uchylenia dyrektywy 95\/46\/WE (Og\u00f3lne rozporz\u0105dzenie o ochronie danych lub \u201eRODO\u201d): 1) [&hellip;]<\/p>\n","protected":false},"author":1,"featured_media":0,"parent":0,"menu_order":0,"comment_status":"closed","ping_status":"closed","template":"","meta":{"om_disable_all_campaigns":false,"_monsterinsights_skip_tracking":false,"_monsterinsights_sitenote_active":false,"_monsterinsights_sitenote_note":"","_monsterinsights_sitenote_category":0,"footnotes":""},"class_list":["post-1625","page","type-page","status-publish","hentry"],"aioseo_notices":[],"blog_post_layout_featured_media_urls":{"thumbnail":"","full":""},"categories_names":null,"comments_number":"0","_links":{"self":[{"href":"https:\/\/powpowriders.com\/pow-store\/wp-json\/wp\/v2\/pages\/1625","targetHints":{"allow":["GET"]}}],"collection":[{"href":"https:\/\/powpowriders.com\/pow-store\/wp-json\/wp\/v2\/pages"}],"about":[{"href":"https:\/\/powpowriders.com\/pow-store\/wp-json\/wp\/v2\/types\/page"}],"author":[{"embeddable":true,"href":"https:\/\/powpowriders.com\/pow-store\/wp-json\/wp\/v2\/users\/1"}],"replies":[{"embeddable":true,"href":"https:\/\/powpowriders.com\/pow-store\/wp-json\/wp\/v2\/comments?post=1625"}],"version-history":[{"count":1,"href":"https:\/\/powpowriders.com\/pow-store\/wp-json\/wp\/v2\/pages\/1625\/revisions"}],"predecessor-version":[{"id":1628,"href":"https:\/\/powpowriders.com\/pow-store\/wp-json\/wp\/v2\/pages\/1625\/revisions\/1628"}],"wp:attachment":[{"href":"https:\/\/powpowriders.com\/pow-store\/wp-json\/wp\/v2\/media?parent=1625"}],"curies":[{"name":"wp","href":"https:\/\/api.w.org\/{rel}","templated":true}]}}