{"id":3,"date":"2020-08-12T09:59:12","date_gmt":"2020-08-12T09:59:12","guid":{"rendered":"https:\/\/powpowriders.com\/?page_id=3"},"modified":"2025-10-07T02:18:49","modified_gmt":"2025-10-07T00:18:49","slug":"privacy-policy","status":"publish","type":"page","link":"https:\/\/powpowriders.com\/pow-store\/privacy-policy\/","title":{"rendered":"Polityka prywatno\u015bci oraz regulamin sklepu Pow Store"},"content":{"rendered":"\n<p>POW STORE, czyli sklep internetowy funkcjonuj\u0105cy pod adresem <a href=\"https:\/\/powpowriders.com\/pow-store\/\">https:\/\/powpowriders.com\/pow-store\/<\/a>.<\/p>\n\n\n\n<p>Firma: CRE \u221e POWDER POWER RIDERS Kamila \u015awi\u0119czkowska<\/p>\n\n\n\n<p>Adres dzia\u0142alno\u015bci: brak<\/p>\n\n\n\n<p>Informacje kontaktowe: adres e-mail powpow.riders@gmail.com <\/p>\n\n\n\n<p><strong>NIP 9662144961<\/strong><\/p>\n\n\n\n<p>REGON 387535155<\/p>\n\n\n\n<p><strong>74 1140 2004 0000 3102 8070 7864<\/strong><\/p>\n\n\n\n<p>Definicje:<\/p>\n\n\n\n<p><strong>EBOOK <\/strong>\u2013 ksi\u0105\u017cka w wersji elektronicznej, zapisana w formacie PDF.<\/p>\n\n\n\n<p><strong>PDF<\/strong>&nbsp;\u2013 PDF (ang. Portable Document Format) \u2013 odczyt na komputerze, tablecie lub telefonie kom\u00f3rkowym. Format plik\u00f3w s\u0142u\u017c\u0105cy do prezentacji i drukowania tre\u015bci tekstowo-graficznych.<\/p>\n\n\n\n<p><strong>WATERMARK<\/strong>&nbsp;\u2013 znak wodny. System oznaczenia produktu zaszyfrowan\u0105 informacj\u0105 o u\u017cytkowniku, kt\u00f3ry zakupi\u0142 produkt. Mo\u017ce by\u0107 podstaw\u0105 do identyfikacji u\u017cytkownika, kt\u00f3ry rozpowszechni produkt w spos\u00f3b niezgodny z prawem. Oznaczenie to mo\u017ce znajdowa\u0107 si\u0119 na tek\u015bcie, za tekstem, by\u0107 widoczne przy odczycie na urz\u0105dzeniu mobilnym lub po wydruku. Dzi\u0119ki temu oznaczeniu mo\u017cliwe jest rozpoznanie unikatowej licencji transakcyjnej U\u017cytkownika. Watermark jest rozwi\u0105zaniem wygodnym i preferowanym przez Klient\u00f3w z uwagi na brak konieczno\u015bci stosowania specjalnych program\u00f3w do odczytywania zakupionych plik\u00f3w oraz mo\u017cliwo\u015b\u0107 dowolnego ich odczytywania na wszystkich urz\u0105dzeniach odtwarzaj\u0105cych wybrany format. Nie ma r\u00f3wnie\u017c ogranicze\u0144 odno\u015bnie do liczby licencji oraz mo\u017cliwo\u015bci przenoszenia plik\u00f3w mi\u0119dzy urz\u0105dzeniami. Unikatowa licencja transakcyjna umo\u017cliwia monitorowanie i rozpoznawanie plik\u00f3w w przypadku nieuprawnionego ich u\u017cytkowania, &nbsp;czyli przede wszystkim zamieszczenia ebooka w Internecie. Pliki z watermarkiem s\u0105 kompatybilne z programami do odczytu oraz aplikacjami na urz\u0105dzenia mobilne na iOS oraz Android.<\/p>\n\n\n\n<p><strong>USTAWA<\/strong>&nbsp;\u2013 oznacza ustaw\u0119 z dnia 04 lutego 1994 roku o prawie autorskim i prawach pokrewnych (tekst jednolity Dz.U. z dn. 31.05.2006r. z p\u00f3\u017an. zm.)<\/p>\n\n\n\n<p><strong>SKLEP<\/strong>&nbsp;\u2013 oznacza serwis transakcyjny prowadzony przez&nbsp;CRE \u221e POWDER POWER RIDERS Kamila \u015awi\u0119czkowska pod adresem <a href=\"https:\/\/powpowriders.com\/pow-store\/\">https:\/\/powpowriders.com\/pow-store\/<\/a>, umo\u017cliwiaj\u0105cy zakup tre\u015bci cyfrowych od&nbsp;POW STORE.<strong> TRE\u015aCI CYFROWE<\/strong>&nbsp;\u2013 produkty w formatach elektronicznych, w tym w szczeg\u00f3lno\u015bci<\/p>\n\n\n\n<p>e-booki, znajduj\u0105ce si\u0119 w aktualnej ofercie Sklepu<\/p>\n\n\n\n<p>KONTO \u2013 indywidualna przestrze\u0144 cyfrowa u\u017cytkownika Sklepu, dost\u0119pna po zarejestrowaniu si\u0119 i zalogowaniu.<\/p>\n\n\n\n<p><strong>\u00a7 1. Postanowienia og\u00f3lne<\/strong><\/p>\n\n\n\n<ol class=\"wp-block-list\">\n<li>Niniejszy Regulamin normuje zasady i warunki korzystania ze strony www.powpowriders.com, w tym w szczeg\u00f3lno\u015bci zasady i warunki zakup\u00f3w i dostarczania Tre\u015bci Cyfrowych.\n<ol class=\"wp-block-list\">\n<li>Zak\u0142adaj\u0105c Konto i Akceptuj\u0105c Regulamin Klient zaznaczaj\u0105c stosown\u0105 opcj\u0119 o\u015bwiadcza, i\u017c zapozna\u0142 si\u0119 z niniejszym Regulaminem, w pe\u0142ni akceptuje zawarte w nim postanowienia i zobowi\u0105zuje si\u0119 do ich przestrzegania.<\/li>\n\n\n\n<li>Z chwil\u0105 za\u0142o\u017cenia Konta dochodzi do zawarcia umowy pomi\u0119dzy powpowriders.com a u\u017cytkownikiem umowy, kt\u00f3rej przedmiotem jest korzystanie przez u\u017cytkownika ze sklepu oraz jego funkcji.<\/li>\n\n\n\n<li>W\u0142a\u015bcicielem sklepu oraz podmiotem sprzedaj\u0105cym tre\u015bci cyfrowe jest\u00a0CRE \u221e POWDER POWER RIDERS Kamila \u015awi\u0119czkowska<\/li>\n\n\n\n<li>Nazwa POWDER POWER RIDERS (pow pow riders) oraz\u00a0wszelkie zawarte w ramach sklepu\u00a0tre\u015bci cyfrowe\u00a0w rozumieniu ustawy, podlegaj\u0105 ochronie prawnej.<\/li>\n<\/ol>\n<\/li>\n<\/ol>\n\n\n\n<p><strong>\u00a7 2. Sk\u0142adanie zam\u00f3wienia.<\/strong><\/p>\n\n\n\n<p>2.1 Klient mo\u017ce zam\u00f3wi\u0107 produkty oferowane w <a href=\"https:\/\/powpowriders.com\/pow-store\/\">https:\/\/powpowriders.com\/pow-store\/<\/a>przez dwadzie\u015bcia cztery godziny na dob\u0119 za po\u015brednictwem strony internetowej.<\/p>\n\n\n\n<p>2.2.&nbsp; Aby z\u0142o\u017cy\u0107 zam\u00f3wienie, Klient musi:<\/p>\n\n\n\n<p>&#8211; zarejestrowa\u0107 si\u0119 i zalogowa\u0107 w sklepie www.powpowriders.com,<\/p>\n\n\n\n<p>&#8211; wybra\u0107 produkt za pomoc\u0105 opcji \u201eDODAJ DO KOSZYKA\u201d,<\/p>\n\n\n\n<p>&#8211; wybra\u0107 polecenie&nbsp;\u201eZAMAWIAM\u201d oraz wybra\u0107 spos\u00f3b p\u0142atno\u015bci za zam\u00f3wienie,<\/p>\n\n\n\n<p>&#8211; dokona\u0107 p\u0142atno\u015bci.<\/p>\n\n\n\n<p>Ze wzgl\u0119du na charakter produkt\u00f3w oferowanych w POW STORE, Klient mo\u017ce zam\u00f3wi\u0107 tylko jedn\u0105 sztuk\u0119 danego tytu\u0142u w wybranym formacie.<\/p>\n\n\n\n<p><strong>\u00a7 3. &nbsp;Warunki techniczne niezb\u0119dne do korzystania z ksi\u0105\u017cek elektronicznych zakupionych w www.powpowriders.com<\/strong><\/p>\n\n\n\n<ul class=\"wp-block-list\">\n<li>UWAGA! Przed zakupem ksi\u0105\u017cki elektronicznej w Sklepie, Klient powinien sprawdzi\u0107, czy urz\u0105dzenia elektroniczne, na kt\u00f3rych chce otworzy\u0107 plik ksi\u0105\u017cki, obs\u0142uguje format w jakim jest ona zapisana. Firma CRE \u221e POWDER POWER RIDERS nie ponosi odpowiedzialno\u015bci za brak urz\u0105dzenia do odczytu u Klienta. \u00a0Ksi\u0105\u017cka otworzy si\u0119 na ka\u017cdym urz\u0105dzeniu elektronicznym posiadaj\u0105cym funkcj\u0119 obs\u0142ugi ksi\u0105\u017cek elektronicznych.\u00a0<\/li>\n<\/ul>\n\n\n\n<p><strong>UWAGA!<\/strong>&nbsp;<\/p>\n\n\n\n<p>Przed zakupem ksi\u0105\u017cki, Klient powinien zapozna\u0107 si\u0119 z warunkami licencji.<\/p>\n\n\n\n<p><strong>\u00a7 4. Warunki licencji.<\/strong><\/p>\n\n\n\n<p><strong>4.1. <\/strong>&#8211; mo\u017cliwo\u015b\u0107 lub brak mo\u017cliwo\u015bci drukowania,<\/p>\n\n\n\n<p>&#8211; mo\u017cliwo\u015b\u0107 lub brak mo\u017cliwo\u015bci kopiowania tekstu<\/p>\n\n\n\n<p>Jakakolwiek odsprzeda\u017c zakupionego e-booka, czy inna nieautoryzowana dystrybucja zakupionych tre\u015bci jest ZABRONIONA i b\u0119dzie skutkowa\u0142a podj\u0119ciem krok\u00f3w prawnych.<\/p>\n\n\n\n<p><strong>\u00a7 5. Metody p\u0142atno\u015bci.<\/strong><\/p>\n\n\n\n<p><strong>5.1<\/strong>. P\u0142atno\u015bci odbywaj\u0105 si\u0119 za po\u015brednictwem firmy zaufanych p\u0142atno\u015bci Tpay<\/p>\n\n\n\n<p>Klient mo\u017ce dokona\u0107 zap\u0142aty za zam\u00f3wione produkty w nast\u0119puj\u0105cy spos\u00f3b:<\/p>\n\n\n\n<p>&#8211; przelewem online tradycyjnym,<\/p>\n\n\n\n<p>&#8211; przelewem automatycznym, za po\u015brednictwem Tpay,<\/p>\n\n\n\n<p>&#8211; Blikiem.<\/p>\n\n\n\n<p><strong>5.2<\/strong>. POW STORE potwierdzi rejestracje zam\u00f3wienia wysy\u0142aj\u0105c na wskazany przez Klienta w czasie rejestracji adres e-mail, potwierdzenie przyj\u0119cia zam\u00f3wienia.<\/p>\n\n\n\n<p><strong>5.3.<\/strong> Dostarczenie produkt\u00f3w odbywa si\u0119 elektronicznie i jest bezp\u0142atne.<\/p>\n\n\n\n<p><strong>\u00a7 6. Warunki realizacji zam\u00f3wienia (e-book).<\/strong><\/p>\n\n\n\n<p><strong>6.1.<\/strong> Zam\u00f3wienie zostanie zrealizowane w momencie otrzymania przez Pow Pow Riders potwierdzenia z firmy Tpay informacji o dokonaniu p\u0142atno\u015bci.<\/p>\n\n\n\n<p><strong>6.2<\/strong>. Po otrzymaniu informacji o dokonanej p\u0142atno\u015bci, POW STORE prze\u015ble wiadomo\u015b\u0107 na adres e-mail podany przez Klienta w czasie rejestracji, z informacj\u0105 potwierdzaj\u0105c\u0105 otrzymanie nale\u017cno\u015bci za zam\u00f3wione produkty oraz informacj\u0105 o sposobie pobrania produkt\u00f3w.<\/p>\n\n\n\n<p><strong>6.3.<\/strong> Je\u015bli zrealizowanie zam\u00f3wienia nie jest mo\u017cliwe, POW STORE poinformuje klienta o zaistnia\u0142ej sytuacji przesy\u0142aj\u0105c wiadomo\u015b\u0107 na adres e-mail podany przez Klienta w czasie rejestracji. W przypadku op\u0142acenia przez Klienta zam\u00f3wienia, kt\u00f3rego zrealizowanie nie jest mo\u017cliwe w przeci\u0105gu 24h POW STORE, dokona zwrotu wp\u0142aconych \u015brodk\u00f3w na rachunek bankowy, z kt\u00f3rego wp\u0142ata nast\u0105pi\u0142a.&nbsp;<\/p>\n\n\n\n<p><strong>\u00a7 7. Ceny i formaty zakupionych ksi\u0105\u017cek.<\/strong><\/p>\n\n\n\n<p>Wszystkie ceny podane na stronach sklepu internetowego www.powpowriders.com s\u0105 podane w z\u0142otych polskich i zawieraj\u0105 podatek od towar\u00f3w i us\u0142ug \u2013 VAT w wysoko\u015bci 5%.<\/p>\n\n\n\n<p>Cen\u0105 wi\u0105\u017c\u0105c\u0105 jest cena podana podczas sk\u0142adnia zam\u00f3wienia.<\/p>\n\n\n\n<p><strong>\u00a7 8. Faktury VAT<\/strong><\/p>\n\n\n\n<p>POW STORE&nbsp;nie wystawia faktury VAT.<\/p>\n\n\n\n<p><strong>\u00a7 9. Odst\u0105pienie od umowy, rezygnacja z zam\u00f3wienia (e-book)<\/strong><\/p>\n\n\n\n<p>Ze wzgl\u0119du na charakter sprzedawanych produkt\u00f3w (\u015bwiadczenia, kt\u00f3re z uwagi na ich charakter nie mo\u017ce zosta\u0107 zwr\u00f3cone). Klient nie ma mo\u017cliwo\u015bci odst\u0105pienia od umowy lub rezygnacji z zam\u00f3wienia po dokonaniu p\u0142atno\u015bci za produkt.<\/p>\n\n\n\n<p>Klient przed zakupem ksi\u0105\u017cki w wersji elektronicznej, powinien upewni\u0107 si\u0119 czy urz\u0105dzenie, na kt\u00f3rym zamierza j\u0105 odtwarza\u0107, obs\u0142uguje format w jakim jest ona zapisana.<\/p>\n\n\n\n<p><strong>\u00a7 10. Korzystanie z produkt\u00f3w zakupionych w POW STORE.<\/strong><\/p>\n\n\n\n<p>Zakupione i op\u0142acone produkty b\u0119d\u0105 dost\u0119pne dla Klienta od razu po zakupie, zostan\u0105 przes\u0142ane na adres e-mail, z kt\u00f3rego zosta\u0142o z\u0142o\u017cone zam\u00f3wienie lub po zalogowaniu si\u0119 na profil Klienta.<\/p>\n\n\n\n<p>W celu pobrania zakupionego produktu, nale\u017cy klikn\u0105\u0107 w przycisk \u201ePobierz produkt\u201d.<\/p>\n\n\n\n<p><strong>\u00a7 11. Bezpiecze\u0144stwo i ochrona prawa autorskiego<\/strong><\/p>\n\n\n\n<p>Klient jest zobowi\u0105zany do zachowania w tajemnicy loginu i has\u0142a do swojego konta w sklepie internetowym POW STORE. Firma CRE \u221e POWDER POWER RIDERS Kamila \u015awi\u0119czkowska nie ponosi odpowiedzialno\u015bci za operacje wykonane przy ich pomocy przez osoby trzecie.<\/p>\n\n\n\n<p>Wszystkie produkty oferowane przez POW STORE s\u0105 obj\u0119te ochron\u0105 przewidzian\u0105 w ustawie z dnia 4 lutego 1994 o prawie autorskim i prawach pokrewnych i mog\u0105 by\u0107 u\u017cywane wy\u0142\u0105cznie na zasadach okre\u015blonych w niniejszym regulaminie.<\/p>\n\n\n\n<p>Klient ma prawo korzysta\u0107 z produkt\u00f3w zakupionych w POW STORE lub udost\u0119pnionych bezp\u0142atnie na powpowriders.com, tylko na w\u0142asny u\u017cytek osobisty, zgodnie z obowi\u0105zuj\u0105cymi przepisami prawa.<\/p>\n\n\n\n<p>Klient nie mo\u017ce udost\u0119pnia\u0107 produkt\u00f3w zakupionych w POW STORE innym osobom.<\/p>\n\n\n\n<p>Klient nie mo\u017ce i nie jest uprawniony do:<\/p>\n\n\n\n<p>&#8211; rozpowszechniania ani wprowadzania do obrotu produkt\u00f3w zakupionych w POW STORE w ca\u0142o\u015bci lub we fragmencie,<\/p>\n\n\n\n<p>&#8211; komercyjnego wykorzystywania produkt\u00f3w zakupionych w POW STORE,<\/p>\n\n\n\n<p>&#8211; modyfikowania produkt\u00f3w zakupionych w POW STORE.<\/p>\n\n\n\n<p>Klient jest zobowi\u0105zany do zadbania o to, by \u017cadne osoby nieuprawnione nie korzysta\u0142y z produkt\u00f3w zakupionych w POW STORE w spos\u00f3b niezgodny z prawem lub regulaminem.<\/p>\n\n\n\n<p>W przypadku wykrycia sytuacji wykorzystania produkt\u00f3w zakupionych w POE STORE niezgodnie z prawem, Sklep mo\u017ce skierowa\u0107 roszczenia z tego tytu\u0142u wzgl\u0119dem Klienta.<\/p>\n\n\n\n<p>POW STORE nie ponosi odpowiedzialno\u015bci za brak dostarczenia e-maila z informacjami dotycz\u0105cymi realizacji zam\u00f3wie\u0144 z przyczyn niezale\u017cnych od Sklepu.<\/p>\n\n\n\n<p><strong>\u00a7 12. Tre\u015b\u0107 licencji na korzystanie z e-book\u00f3w zakupionych na stronie www.powpowriders.com.<\/strong><\/p>\n\n\n\n<p>Kopia ebook-a zakupiona w POW STORE przeznaczona jest wy\u0142\u0105cznie do w\u0142asnego u\u017cytku osobistego w granicach udzielonej licencji. Wszelkie prawa s\u0105 zastrze\u017cone, chyba \u017ce w\u0142a\u015bciciel praw autorskich udzieli wyra\u017anej licencji. Z wyj\u0105tkiem sytuacji dopuszczalnych przez prawo lub uzyskania zgody uprawnionego z tytu\u0142u praw autorskich, jakiekolwiek powielanie, monta\u017c, wy\u015bwietlanie, wypo\u017cyczanie, publiczne pokazy czy inne rozpowszechnianie zawarto\u015bci tej kopii lub jej fragment\u00f3w czy cz\u0119\u015bci jest bezwzgl\u0119dnie zabronione. Zakupiona kopia nie mo\u017ce by\u0107 przedmiotem odsprzeda\u017cy czy dystrybucji i sprzeda\u017cy handlowej.<\/p>\n\n\n\n<p><strong>\u00a7 13. Reklamacje (e-book).<\/strong><\/p>\n\n\n\n<p>Klient mo\u017ce zg\u0142osi\u0107 reklamacje na adres: powpow.riders@gmail.com w przypadku, gdy:<\/p>\n\n\n\n<p>&#8211; zakupiony produkt oka\u017ce si\u0119 niekompletny lub nie uruchamia si\u0119,<\/p>\n\n\n\n<p>&#8211; Klient dokona zap\u0142aty ze produkt, produkt nie pojawi si\u0119 na emialu, a Klient poinformuje POW STORE o braku produktu, a w ci\u0105gu 24 (dwudziestu czterech) godzin dnia roboczego od informacji od Klienta, nie zostanie mu udost\u0119pniona mo\u017cliwo\u015b\u0107 pobrania produktu lub przes\u0142any produkt w inny spos\u00f3b.<\/p>\n\n\n\n<p>Za moment zawarcia umowy sprzeda\u017cy uwa\u017ca si\u0119 moment otrzymania przez POW STORE potwierdzenia zam\u00f3wienia dokonanego przez Klienta.<\/p>\n\n\n\n<p><strong>Ze wzgl\u0119du na charakter sprzedawanych Produkt\u00f3w (\u015bwiadczenia, kt\u00f3re z uwagi na ich charakter nie mo\u017ce zosta\u0107 zwr\u00f3cone), Klientowi nie przys\u0142uguje prawo odst\u0105pienia od umowy w terminie 10 dni od dnia zawarcia umowy zgodnie z Ustaw\u0105 z dnia 2 marca 2000 roku &#8222;O ochronie niekt\u00f3rych praw konsument\u00f3w oraz o odpowiedzialno\u015bci za szkod\u0119 wyrz\u0105dzon\u0105 przez produkt niebezpieczny&#8221;.<\/strong><\/p>\n\n\n\n<p>POW STORE ustosunkuje si\u0119 do reklamacji w terminie 14 dni.<\/p>\n\n\n\n<p>Zwrot koszt\u00f3w w przypadku pozytywnego rozpatrzenia reklamacji przez powpowriders.com, b\u0119dzie dokonywany w spos\u00f3b ustalony z Klientem, w terminie do 14 dni roboczych od momentu poinformowania Klienta o rozstrzygni\u0119ciu reklamacji na Jego korzy\u015b\u0107.<\/p>\n\n\n\n<p><strong>\u00a7 14.&nbsp;&nbsp;Pozas\u0105dowe sposoby rozpatrywania reklamacji i dochodzenia roszcze\u0144<\/strong><\/p>\n\n\n\n<p>Je\u017celi Sklep &#8211; Sprzedawca nie uzna\u0142 reklamacji Klienta b\u0119d\u0105cego konsumentem, a ten si\u0119 nie zgadza z jego decyzj\u0105, mo\u017ce skorzysta\u0107 z dost\u0119pnych pozas\u0105dowych sposob\u00f3w rozpatrywania reklamacji i dochodzenia roszcze\u0144. Szczeg\u00f3\u0142owe informacje o pozas\u0105dowych sposobach rozpatrywania reklamacji i dochodzenia roszcze\u0144 dost\u0119pne s\u0105 m.in. w siedzibach oraz na stronach internetowych powiatowych (miejskich) rzecznik\u00f3w konsument\u00f3w, Wojew\u00f3dzkich Inspektorat\u00f3w Inspekcji Handlowej oraz Urz\u0119du Ochrony Konkurencji i Konsument\u00f3w.<\/p>\n\n\n\n<p>W szczeg\u00f3lno\u015bci Klient ma mo\u017cliwo\u015b\u0107 zwr\u00f3cenia si\u0119 do w\u0142a\u015bciwego wojew\u00f3dzkiego inspektora Inspekcji Handlowej z wnioskiem o wszcz\u0119cie post\u0119powania mediacyjnego w sprawie polubownego zako\u0144czenia sporu mi\u0119dzy Klientem, a Sprzedawc\u0105 zgodnie z art. 36 ustawy z dnia 15 grudnia 2000 r. o Inspekcji Handlowej (Dz.U. 2001 nr 4 poz. 25 ze zm.). Mediacja ma charakter dobrowolny (obie strony musz\u0105 wyrazi\u0107 na ni\u0105 zgod\u0119), a ewentualna ugoda stron tak\u017ce musi by\u0107 wynikiem zgody pomi\u0119dzy obiema stronami. Skuteczne wniesienie wniosku o przeprowadzenie mediacji nie gwarantuje jej przeprowadzenia, ani tym bardziej jej wyniku.<\/p>\n\n\n\n<p>Klient ma r\u00f3wnie\u017c mo\u017cliwo\u015b\u0107 zwr\u00f3cenie si\u0119 o rozstrzygni\u0119cie sporu wynik\u0142ego z zawartej umowy sprzeda\u017cy przez sta\u0142y polubowny s\u0105d konsumencki przy wojew\u00f3dzkim inspektorze Inspekcji Handlowej, o kt\u00f3rym mowa w art. 37 ustawy z dnia 15 grudnia 2000 r. o Inspekcji Handlowej (Dz.U. 2001 nr 4 poz. 25 ze zm.). Regulamin organizacji i dzia\u0142ania sta\u0142ych polubownych s\u0105d\u00f3w konsumenckich reguluje Rozporz\u0105dzenie Ministra Sprawiedliwo\u015bci z dnia 25 wrze\u015bnia 2001 r. w sprawie okre\u015blenia regulaminu organizacji i dzia\u0142ania sta\u0142ych polubownych s\u0105d\u00f3w konsumenckich (Dz.U. 2001, nr 113, poz. 1214 ze zm.).<\/p>\n\n\n\n<p><strong>\u00a7 15. Dane osobowe.<\/strong><\/p>\n\n\n\n<p>Klient wyra\u017ca zgod\u0119 na przetwarzanie swoich danych osobowych przez POW STORE, kt\u00f3rego w\u0142a\u015bcicielem jest firma CRE \u221e POWDER POWER RIDERS Kamila \u015awi\u0119czkowska zgodnie z ustaw\u0105 z dnia 29 sierpnia 1997 r. o ochronie danych osobowych (Dz. U. Nr 133, poz. 883). Klient o\u015bwiadcza, \u017ce zosta\u0142 poinformowany, \u017ce podanie danych osobowych ma charakter dobrowolny oraz \u017ce przys\u0142uguje mu prawo wgl\u0105du do nich, jak r\u00f3wnie\u017c mo\u017cliwo\u015b\u0107 ich poprawiania.<\/p>\n\n\n\n<p><strong>\u00a7 16. Zmiana regulaminu.<\/strong><\/p>\n\n\n\n<p>Regulamin mo\u017ce by\u0107 zmieniony z wa\u017cnych przyczyn, kt\u00f3re maj\u0105 wp\u0142yw na dzia\u0142alno\u015b\u0107 Sklepu po 14 dniach od poinformowania Klient\u00f3w przed wprowadzan\u0105 zmian\u0105 na stronie sklepu.&nbsp;Zmiana regulaminu pozostaje bez znaczenia dla zawartych przez Klienta i POW STORE um\u00f3w sprzeda\u017cy przed zmian\u0105 regulaminu.<\/p>\n\n\n\n<p><\/p>\n\n\n\n<h5 class=\"wp-block-heading\"><strong>Who we are<\/strong><\/h5>\n\n\n\n<p>Our website address is: https:\/\/powpowriders.com.<\/p>\n\n\n\n<h5 class=\"wp-block-heading\">What personal data we collect and why we collect it<\/h5>\n\n\n\n<h5 class=\"wp-block-heading\"><strong>Comments<\/strong><\/h5>\n\n\n\n<p>When visitors leave comments on the site we collect the data shown in the comments form, and also the visitor\u2019s IP address and browser user agent string to help spam detection.<\/p>\n\n\n\n<p>An anonymized string created from your email address (also called a hash) may be provided to the Gravatar service to see if you are using it. The Gravatar service privacy policy is available here: https:\/\/automattic.com\/privacy\/. After approval of your comment, your profile picture is visible to the public in the context of your comment.<\/p>\n\n\n\n<h5 class=\"wp-block-heading\"><strong>Media<\/strong><\/h5>\n\n\n\n<p>If you upload images to the website, you should avoid uploading images with embedded location data (EXIF GPS) included. Visitors to the website can download and extract any location data from images on the website.<\/p>\n\n\n\n<h5 class=\"wp-block-heading\"><strong>Contact forms<\/strong><\/h5>\n\n\n\n<h5 class=\"wp-block-heading\"><strong>Cookies<\/strong><\/h5>\n\n\n\n<p>If you leave a comment on our site you may opt-in to saving your name, email address and website in cookies. These are for your convenience so that you do not have to fill in your details again when you leave another comment. These cookies will last for one year.<\/p>\n\n\n\n<p>If you visit our login page, we will set a temporary cookie to determine if your browser accepts cookies. This cookie contains no personal data and is discarded when you close your browser.<\/p>\n\n\n\n<p>When you log in, we will also set up several cookies to save your login information and your screen display choices. Login cookies last for two days, and screen options cookies last for a year. If you select &#8222;Remember Me&#8221;, your login will persist for two weeks. If you log out of your account, the login cookies will be removed.<\/p>\n\n\n\n<p>If you edit or publish an article, an additional cookie will be saved in your browser. This cookie includes no personal data and simply indicates the post ID of the article you just edited. It expires after 1 day.<\/p>\n\n\n\n<h5 class=\"wp-block-heading\"><strong>Embedded content from other websites<\/strong><\/h5>\n\n\n\n<p>Articles on this site may include embedded content (e.g. videos, images, articles, etc.). Embedded content from other websites behaves in the exact same way as if the visitor has visited the other website.<\/p>\n\n\n\n<p>These websites may collect data about you, use cookies, embed additional third-party tracking, and monitor your interaction with that embedded content, including tracking your interaction with the embedded content if you have an account and are logged in to that website.<\/p>\n\n\n\n<h5 class=\"wp-block-heading\"><strong>How long we retain your data<\/strong><\/h5>\n\n\n\n<p>If you leave a comment, the comment and its metadata are retained indefinitely. This is so we can recognize and approve any follow-up comments automatically instead of holding them in a moderation queue.<\/p>\n\n\n\n<p>For users that register on our website (if any), we also store the personal information they provide in their user profile. All users can see, edit, or delete their personal information at any time (except they cannot change their username). Website administrators can also see and edit that information.<\/p>\n\n\n\n<h5 class=\"wp-block-heading\"><strong>Contact<\/strong> <\/h5>\n\n\n\n<p>powpow.riders@gmail.com<\/p>\n\n\n\n<p><\/p>\n","protected":false},"excerpt":{"rendered":"<p>POW STORE, czyli sklep internetowy funkcjonuj\u0105cy pod adresem https:\/\/powpowriders.com\/pow-store\/. Firma: CRE \u221e POWDER POWER RIDERS Kamila \u015awi\u0119czkowska Adres dzia\u0142alno\u015bci: brak Informacje kontaktowe: adres e-mail powpow.riders@gmail.com NIP 9662144961 REGON 387535155 74 1140 2004 0000 3102 8070 7864 Definicje: EBOOK \u2013 ksi\u0105\u017cka w wersji elektronicznej, zapisana w formacie PDF. PDF&nbsp;\u2013 PDF (ang. Portable Document Format) \u2013 odczyt [&hellip;]<\/p>\n","protected":false},"author":1,"featured_media":0,"parent":0,"menu_order":0,"comment_status":"closed","ping_status":"open","template":"","meta":{"om_disable_all_campaigns":false,"_monsterinsights_skip_tracking":false,"_monsterinsights_sitenote_active":false,"_monsterinsights_sitenote_note":"","_monsterinsights_sitenote_category":0,"footnotes":""},"class_list":["post-3","page","type-page","status-publish","hentry"],"aioseo_notices":[],"blog_post_layout_featured_media_urls":{"thumbnail":"","full":""},"categories_names":null,"comments_number":"0","_links":{"self":[{"href":"https:\/\/powpowriders.com\/pow-store\/wp-json\/wp\/v2\/pages\/3","targetHints":{"allow":["GET"]}}],"collection":[{"href":"https:\/\/powpowriders.com\/pow-store\/wp-json\/wp\/v2\/pages"}],"about":[{"href":"https:\/\/powpowriders.com\/pow-store\/wp-json\/wp\/v2\/types\/page"}],"author":[{"embeddable":true,"href":"https:\/\/powpowriders.com\/pow-store\/wp-json\/wp\/v2\/users\/1"}],"replies":[{"embeddable":true,"href":"https:\/\/powpowriders.com\/pow-store\/wp-json\/wp\/v2\/comments?post=3"}],"version-history":[{"count":3,"href":"https:\/\/powpowriders.com\/pow-store\/wp-json\/wp\/v2\/pages\/3\/revisions"}],"predecessor-version":[{"id":4812,"href":"https:\/\/powpowriders.com\/pow-store\/wp-json\/wp\/v2\/pages\/3\/revisions\/4812"}],"wp:attachment":[{"href":"https:\/\/powpowriders.com\/pow-store\/wp-json\/wp\/v2\/media?parent=3"}],"curies":[{"name":"wp","href":"https:\/\/api.w.org\/{rel}","templated":true}]}}