{"id":4472,"date":"2024-05-31T16:00:24","date_gmt":"2024-05-31T14:00:24","guid":{"rendered":"https:\/\/powpowriders.com\/pow-store\/?post_type=product&#038;p=4472"},"modified":"2025-12-03T00:12:31","modified_gmt":"2025-12-02T22:12:31","slug":"ii-sits-kurs-doszkalajacy-2-dniowy","status":"publish","type":"product","link":"https:\/\/powpowriders.com\/pow-store\/produkt\/ii-sits-kurs-doszkalajacy-2-dniowy\/","title":{"rendered":"Carving weekend | kursy jazdy na kraw\u0119dzi"},"content":{"rendered":"<h2>SNOW POW WEEKEND<\/h2>\n<p>DOSZKOLENIE III SITS<\/p>\n<div class=\"boot-camp-welcome\">\n<p class=\"weekend-camp-header\">WY\u017bSZA PEWNO\u015a\u0106 SIEBIE NA STOKU W 2 DNI<\/p>\n<\/div>\n<div class=\"butt-welcome-txt\">\n<p><strong>Weekendowy kurs techniki jazdy<\/strong> to idealne rozwi\u0105zanie dla os\u00f3b poszukuj\u0105cych efektywnego i profesjonalnego szkolenia snowboardowego oraz gotowych na pe\u0142ny weekend jazdy na desce, du\u017co praktyki, wiedzy i wskaz\u00f3wek od instruktora.<\/p>\n<\/div>\n<p><b>Rodzaje szkolenia:<\/b><\/p>\n<p>SNOW POW PODSTAWOWY &#8211; <b>weekendowe szkolenie snowboardowe dla \u015bredniozaawansowanych<\/b><b><\/b><\/p>\n<p>SNOW POW ZAAWANSOWANY \u2013 <b>weekendowe szkolenie snowboardowe dla \u015bredniozaawansowanych i zaawansowanych<\/b><\/p>\n<p><b>Rodzaj oferty:<\/b><span style=\"font-weight: 400;\"> intensywny kurs szkoleniowy 2\u2013dniowy\u00a0<\/span><\/p>\n<p><b>Miejsce:<\/b><span style=\"font-weight: 400;\"> Szczyrk<\/span><\/p>\n<p><b>Terminy:<\/b><\/p>\n<div class=\"what-is-it\">\n<p>Carving (poziom podstawowy) \u2013 27\u201328.12.25<\/p>\n<\/div>\n<div class=\"where-is-it\">\n<div class=\"what-is-it\">\n<p>Carving (poziom \u015bredniozaaw.\/zaaws.) \u2013 03\u201304.01.26<\/p>\n<\/div>\n<\/div>\n<p><b>Profesjonalni Instruktorzy:<\/b> do\u015bwiadczeni w nauczaniu techniki jazdy, potrafi\u0105cy prze\u015bledzi\u0107 ka\u017cdy ruch podczas jazdy oraz zauwa\u017cy\u0107 szczeg\u00f3\u0142y wymagaj\u0105ce korekty i treningu.<\/p>\n<p><b>Program:<\/b><\/p>\n<p><a href=\"https:\/\/powpowriders.com\/kurs-weekendowy.html\">https:\/\/powpowriders.com\/kurs-weekendowy.html<\/a><\/p>\n<ul>\n<li aria-level=\"1\">Trening grupowy z jazdy technicznej<\/li>\n<li aria-level=\"1\">Techniki ci\u0119te<\/li>\n<li aria-level=\"1\">Rozgrzewki dostosowane do zaj\u0119\u0107 pod k\u0105tem motoryki ruchu snowboardzisty oraz programu zaj\u0119\u0107<\/li>\n<\/ul>\n<p><b>Cel kursu m.in.:<\/b><\/p>\n<ul>\n<li aria-level=\"1\">Szlifowanie b\u0142\u0119d\u00f3w w technice jazdy<\/li>\n<li aria-level=\"1\">Trening doskonal\u0105cy polegaj\u0105cy na wykonywaniu zaawansowanych \u0107wicze\u0144 z\u0142o\u017conych na poszczeg\u00f3lne techniki jazdy<\/li>\n<li aria-level=\"1\">Eliminacja wyst\u0119puj\u0105cych b\u0142\u0119d\u00f3w<\/li>\n<\/ul>\n<p><b>Organizacja kursu:<\/b><\/p>\n<ul>\n<li aria-level=\"1\">Szkolenia 2-dniowe: 5-godzinne treningi<\/li>\n<\/ul>\n<p><b>Twoje najlepsze szkolenie:<\/b><\/p>\n<ul>\n<li style=\"font-weight: 400;\" aria-level=\"1\"><b>profesjonalne <\/b><span style=\"font-weight: 400;\">szkolenie na stoku, wszechstronni, do\u015bwiadczeni, tytu\u0142owani instruktorzy<\/span><\/li>\n<li style=\"font-weight: 400;\" aria-level=\"1\"><b>bezpo\u015bredni kontakt z instruktorem prowadz\u0105cym<\/b><span style=\"font-weight: 400;\"> podczas trwania kursu, zar\u00f3wno na stoku jak te\u017c po zaj\u0119ciach dziennych<\/span><\/li>\n<li style=\"font-weight: 400;\" aria-level=\"1\"><span style=\"font-weight: 400;\"><strong>videoanaliza<\/strong>, przyspieszaj\u0105ca progres<\/span><\/li>\n<\/ul>\n<p><b>HARMONOGRAM P\u0141ATNO\u015aCI ZALICZKOWEJ:<\/b><\/p>\n<p><span style=\"font-weight: 400;\">\u2013 zaliczka 50% podczas zapis\u00f3w \u00a0(p\u0142atno\u015b\u0107 przelewem tradycyjnym do 48h od zam\u00f3wienia) na dane firmy:<\/span><\/p>\n<p>CRE \u221e POWDER POWER RIDERS Kamila \u015awi\u0119czkowska<\/p>\n<p><strong>74 1140 2004 0000 3102 8070 7864<\/strong><\/p>\n<p>Tytu\u0142: nr zam\u00f3wienia \/ termin \/ uczestnik \u2013 je\u015bli dane p\u0142atnika s\u0105 inne ni\u017c uczestnika<\/p>\n<p><span style=\"font-weight: 400;\">\u2013 do 3 tyg. przed kursem \u2013 pozosta\u0142a cz\u0119\u015b\u0107 op\u0142aty za kurs (p\u0142atno\u015b\u0107 przelewem tradycyjnym)<\/span><\/p>\n<p><b>ZASADY REZYGNACJI:<\/b><\/p>\n<p><span class=\"jsx-62cea66720eb3f1\">Dost\u0119pne w regulaminie.<\/span><\/p>\n<p><strong>KARNET<\/strong><\/p>\n<p>\u2013 karnet kupisz na stronie: https:\/\/www.gopass.travel\/ koniecznie skorzystaj z karty ISIC\/ITIC\/IYTC aby otrzyma\u0107 zni\u017ck\u0119<\/p>\n<p>\u2013 w przypadku 2+ kurs\u00f3w z Pow Pow, rozwa\u017c zakup sezon\u00f3wki<\/p>\n<p><b>WARUNEK KONIECZNY DO ZAPISU<\/b><\/p>\n<p><span style=\"font-weight: 400;\">umiej\u0119tno\u015b\u0107 jazdy na snowboardzie w stopniu podstawowym \u2013 swobodna jazda \u015blizgowa frontside\/backside; jazda na drug\u0105 nog\u0119 w stopniu podstawowym (switch), jazda na kraw\u0119dzi w stopniu podstawowym \u2013 d\u0142ugi skr\u0119t ci\u0119ty, jazda \u015bmigiem \u015blizgowym (hamuj\u0105cym) \u2013 kr\u00f3tki skr\u0119t \u015blizgowy<\/span><\/p>\n<p><b>Op\u0142acenie zam\u00f3wienia jest r\u00f3wnoznaczne z akceptacj\u0105 regulaminu Pow Pow Riders. Znajduje si\u0119 on na stronie sklepu.<\/b><\/p>\n","protected":false},"excerpt":{"rendered":"<p><b>Miejsce:<\/b><span style=\"font-weight: 400;\"> Szczyrk<\/span><\/p>\n<p><b>Terminy:<\/b><\/p>\n<div class=\"what-is-it\">\n<p>Carving (poziom podstawowy) \u2013 27\u201328.12.25<\/p>\n<\/div>\n<div class=\"where-is-it\">\n<div class=\"what-is-it\">\n<p>Carving (poziom \u015bredniozaaw.\/zaaws.) \u2013 03\u201304.01.26<\/p>\n<\/div>\n<\/div>\n","protected":false},"featured_media":4729,"comment_status":"open","ping_status":"closed","template":"","meta":{"om_disable_all_campaigns":false,"_monsterinsights_skip_tracking":false,"_monsterinsights_sitenote_active":false,"_monsterinsights_sitenote_note":"","_monsterinsights_sitenote_category":0},"product_cat":[65,61,93],"product_tag":[94],"class_list":["post-4472","product","type-product","status-publish","has-post-thumbnail","hentry","product_cat-sezonzimowy","product_cat-snowboarding","product_cat-zima-24-25","product_tag-snowboarding-narty-zima"],"aioseo_notices":[],"blog_post_layout_featured_media_urls":{"thumbnail":["https:\/\/powpowriders.com\/pow-store\/wp-content\/uploads\/2024\/05\/21-150x150.png",150,150,true],"full":["https:\/\/powpowriders.com\/pow-store\/wp-content\/uploads\/2024\/05\/21.png",500,500,false]},"categories":["33"],"categories_names":{"33":{"name":"variable","link":"https:\/\/powpowriders.com\/pow-store\/?taxonomy=product_type&term=variable"}},"comments_number":"0","_links":{"self":[{"href":"https:\/\/powpowriders.com\/pow-store\/wp-json\/wp\/v2\/product\/4472","targetHints":{"allow":["GET"]}}],"collection":[{"href":"https:\/\/powpowriders.com\/pow-store\/wp-json\/wp\/v2\/product"}],"about":[{"href":"https:\/\/powpowriders.com\/pow-store\/wp-json\/wp\/v2\/types\/product"}],"replies":[{"embeddable":true,"href":"https:\/\/powpowriders.com\/pow-store\/wp-json\/wp\/v2\/comments?post=4472"}],"wp:featuredmedia":[{"embeddable":true,"href":"https:\/\/powpowriders.com\/pow-store\/wp-json\/wp\/v2\/media\/4729"}],"wp:attachment":[{"href":"https:\/\/powpowriders.com\/pow-store\/wp-json\/wp\/v2\/media?parent=4472"}],"wp:term":[{"taxonomy":"product_cat","embeddable":true,"href":"https:\/\/powpowriders.com\/pow-store\/wp-json\/wp\/v2\/product_cat?post=4472"},{"taxonomy":"product_tag","embeddable":true,"href":"https:\/\/powpowriders.com\/pow-store\/wp-json\/wp\/v2\/product_tag?post=4472"}],"curies":[{"name":"wp","href":"https:\/\/api.w.org\/{rel}","templated":true}]}}