{"id":4479,"date":"2024-05-31T16:08:17","date_gmt":"2024-05-31T14:08:17","guid":{"rendered":"https:\/\/powpowriders.com\/pow-store\/?post_type=product&#038;p=4479"},"modified":"2026-01-25T23:58:17","modified_gmt":"2026-01-25T21:58:17","slug":"ii-sits-kurs-butteringowy-kurs-doszkalajacy-3-6-dni","status":"publish","type":"product","link":"https:\/\/powpowriders.com\/pow-store\/produkt\/ii-sits-kurs-butteringowy-kurs-doszkalajacy-3-6-dni\/","title":{"rendered":"Buttering &#038; snowpark | Kursy freestyle"},"content":{"rendered":"<p><b>Rodzaje <\/b><b>szkole\u0144:<\/b><span style=\"font-weight: 400;\"> Szkolenia rozwojowe: Kurs Butteringowy &amp; Kurs Trick Camp na poziomie podstawowym\/\u015bredniozaawansowanym\/zaawansowanym <\/span><\/p>\n<p><b>Rodzaj oferty:<\/b><span style=\"font-weight: 400;\"> kurs szkoleniowy 3\u2013dniowy \u2013 trick camp lub 2\/4 \u2013 dniowy \u2013 buttering\u00a0<\/span><\/p>\n<p><b>Terminy:<\/b><\/p>\n<div class=\"jsx-2b7d2948af779a89 what-is-it\">\n<p class=\"jsx-2b7d2948af779a89\">Buttering 2 dni (jako cz\u0119\u015b\u0107 szkolenia) \u2013 18\u201324.04.25\u2013 Lodowiec M\u00f6lltaler \u2013 przejd\u017a do zakupu: <a href=\"https:\/\/powpowriders.com\/spring-snow-pow-camp-lodowiec.html\">https:\/\/powpowriders.com\/spring-snow-pow-camp-lodowiec.html<\/a><\/p>\n<p><strong>Zrealizowane:<\/strong><\/p>\n<\/div>\n<div class=\"jsx-2b7d2948af779a89 what-is-it\">\n<p class=\"jsx-2b7d2948af779a89\">Buttering 4 dni \u2013 15\u201318.12.25 \u2013 Szczyrk<\/p>\n<div class=\"jsx-2b7d2948af779a89 what-is-it\">\n<p class=\"jsx-2b7d2948af779a89\">Trick Camp 3 dni \u2013 19\u201321.12.25\u2013 Bia\u0142y Krzy\u017c Snowpark + Czarny Gro\u0144 Snowpark<\/p>\n<div class=\"jsx-2b7d2948af779a89 what-is-it\">\n<p class=\"jsx-2b7d2948af779a89\">Trick Camp 3 dni \u2013 05\u201307.01.26 \u2013 Bia\u0142y Krzy\u017c Snowpark + Czarny Gro\u0144 Snowpark<\/p>\n<div class=\"jsx-2b7d2948af779a89 what-is-it\">\n<p class=\"jsx-2b7d2948af779a89\">Buttering 4 dni \u2013 18\u201321.01.26 \u2013 Szczyrk<\/p>\n<div class=\"jsx-2b7d2948af779a89 what-is-it\">\n<p class=\"jsx-2b7d2948af779a89\">Trick Camp 3 dni \u2013 22\u201324.01.26 \u2013 Bia\u0142y Krzy\u017c Snowpark + Czarny Gro\u0144 Snowpark<\/p>\n<\/div>\n<\/div>\n<\/div>\n<\/div>\n<\/div>\n<div class=\"jsx-62cea66720eb3f1 new-container-blocks\">\n<div class=\"jsx-62cea66720eb3f1 new-write-course\">\n<p class=\"jsx-62cea66720eb3f1 information-about-write\"><strong class=\"jsx-62cea66720eb3f1\">PROGRAMY POSZCZEG\u00d3LNYCH SZKOLE\u0143 \u2013 <span style=\"font-weight: 400;\"><a title=\"KLIK\" href=\"https:\/\/powpowriders.com\/kurs-butteringowy-snowboard.html\">https:\/\/powpowriders.com\/kurs-butteringowy-snowboard.html<\/a><\/span><\/strong><\/p>\n<p dir=\"ltr\">Buttering to okazja, aby:<\/p>\n<ul>\n<li dir=\"ltr\">\n<p dir=\"ltr\" role=\"presentation\">wszechstronnie rozwin\u0105\u0107 swoje umiej\u0119tno\u015bci na desce,<\/p>\n<\/li>\n<li dir=\"ltr\">\n<p dir=\"ltr\" role=\"presentation\">zyska\u0107 pewno\u015b\u0107 siebie w trickach na stoku i w snowparku,<\/p>\n<\/li>\n<li dir=\"ltr\">zapewni\u0107 sobie freetsylow\u0105 zabaw\u0119, je\u015bli w o\u015brodku nie b\u0119dzie snowparku lub b\u0119dzie zamkni\u0119ty,<\/li>\n<li dir=\"ltr\">\n<p dir=\"ltr\" role=\"presentation\">poprawi\u0107 kontrol\u0119 i balans podczas dynamicznej jazdy, rotacji i kontrrotacji,<\/p>\n<\/li>\n<li dir=\"ltr\">\n<p dir=\"ltr\" role=\"presentation\">wychodzi\u0107 poza schematy jazdy na stoku, maksymalnie wykorzystywa\u0107 teren oraz swoj\u0105 kreatywno\u015b\u0107.<\/p>\n<\/li>\n<\/ul>\n<p dir=\"ltr\">Wielu riders z podziwem przegl\u0105da japo\u0144skie Instagramy, zachwycaj\u0105c si\u0119 flow butteringowych spec\u00f3w, chc\u0105c, by ich tricki r\u00f3wnie\u017c sz\u0142y jak po ma\u015ble. <span style=\"font-weight: 400;\">Profesjonalny instruktor pomo\u017ce Ci zdoby\u0107 umiej\u0119tno\u015bci, technik\u0119 butteringow\u0105 i pewno\u015b\u0107 siebie. Wszystko co potrzebne jest na stoku do zaawansowanych trick\u00f3w butteringowych.<\/span><\/p>\n<p dir=\"ltr\">Rusz z nami na przygod\u0119 z butteringiem. <span style=\"font-size: 16px;\">To pierwszy taki kurs w Polsce. Buttering jest niezb\u0119dny dla rozwoju \u00a0snowboardowego, a sam trening jest ogromnie zajawkowy.<\/span><\/p>\n<p dir=\"ltr\"><strong>BUTTERING<\/strong> = wzrost pewno\u015bci w je\u017adzie, lepsza kontrola deski, lepszy freestyle na snow parku i wi\u0119cej stylu w Twoim snowboardingu.<\/p>\n<\/div>\n<div class=\"jsx-2b7d2948af779a89 boot-camp-welcome\">\n<h4 class=\"jsx-2b7d2948af779a89\">TRICK CAMP<\/h4>\n<\/div>\n<div class=\"jsx-2b7d2948af779a89 butt-welcome-txt\">\n<p class=\"jsx-2b7d2948af779a89 but-txt-wel-two\">A co gdyby\u2026 przenie\u015b\u0107 skille buttering do snowparku? Twoje cia\u0142o pami\u0119ta ka\u017cdy ruch, a g\u0142owa \u0142apie focus i timing. Ten w\u0142a\u015bciwy moment, w kt\u00f3rym odrywasz desk\u0119, rotujesz, kontrujesz, presujesz, l\u0105dujesz i odje\u017cd\u017casz. Je\u015bli by\u0142_\u015b ju\u017c na naszym kursie butteringu albo czujesz desk\u0119 na tyle dobrze, \u017ce chcesz i\u015b\u0107 krok dalej, to Trick Camp z Pow Pow jest dla Ciebie. <br class=\"jsx-2b7d2948af779a89\" \/><br class=\"jsx-2b7d2948af779a89\" \/>Wyobra\u017a sobie trzy dni pe\u0142nego skupienia na trikach, progres w ma\u0142ej grupie i luz w bezpiecznej atmosferze. Pami\u0119tasz to uczucie niedosytu, kiedy dopiero co wkr\u0119ci\u0142_\u015b si\u0119 we freestyle a kurs si\u0119 ju\u017c ko\u0144czy\u0142 lub gdy solo wyskoczy\u0142_\u015b na jeden dzie\u0144 do parku i ju\u017c trzeba by\u0142o wraca\u0107? Na Trick Camp przed nami dwa dni treningu w lokalnym snowparku BK, a na koniec, trzeciego dnia lapujemy linie na snowparku Czarnym Groniu.<\/p>\n<\/div>\n<div class=\"jsx-62cea66720eb3f1 new-write-course\">\n<p class=\"jsx-62cea66720eb3f1 information-about-write\"><strong class=\"jsx-62cea66720eb3f1\">ZAKWATEROWANIE I WY\u017bYWIENIE:<\/strong><\/p>\n<\/div>\n<\/div>\n<p>Kurs bez zakwaterowania.<\/p>\n<p><strong>DOJAZD<\/strong><\/p>\n<p>\u2013 dojazd wsp\u00f3lny z innymi uczestnikami szkolenia b\u0105d\u017a indywidualny<\/p>\n<p><strong>KARNET<\/strong><\/p>\n<p>\u2013 karnet kupisz na stronie: https:\/\/www.gopass.travel\/ koniecznie skorzystaj z karty ISIC\/ITIC\/IYTC aby otrzyma\u0107 zni\u017ck\u0119<\/p>\n<p>\u2013 w przypadku 2+ kurs\u00f3w z Pow Pow, rozwa\u017c zakup sezon\u00f3wki<\/p>\n<p>WA\u017bNE: zanim kupisz karnet poczekaj na potwierdzenie od organizatora dotycz\u0105ce ilo\u015bci dni w karnecie<\/p>\n<p><b>Twoje najlepsze szkolenie:<\/b><\/p>\n<ul>\n<li style=\"font-weight: 400;\" aria-level=\"1\"><b>profesjonalne <\/b><span style=\"font-weight: 400;\">szkolenie na stoku, wszechstronni, do\u015bwiadczeni, tytu\u0142owani instruktorzy<\/span><\/li>\n<li style=\"font-weight: 400;\" aria-level=\"1\"><span style=\"font-weight: 400;\">dost\u0119p do <\/span><b>wiedzy podczas kursu<\/b><span style=\"font-weight: 400;\">, pomocnej w lepszym zrozumieniu poznawanych technik<\/span><\/li>\n<li style=\"font-weight: 400;\" aria-level=\"1\"><b>bezpo\u015bredni kontakt z instruktorem prowadz\u0105cym<\/b><span style=\"font-weight: 400;\"> podczas trwania kursu, zar\u00f3wno na stoku jak te\u017c po zaj\u0119ciach dziennych<\/span><\/li>\n<li style=\"font-weight: 400;\" aria-level=\"1\"><span style=\"font-weight: 400;\">videoanaliza\u00a0<strong>przyspieszaj\u0105ca progres<\/strong><\/span><\/li>\n<li style=\"font-weight: 400;\" aria-level=\"1\"><b>dodatkowe \u0107wiczenia z zakresu psychomotoryki, <\/b><\/li>\n<li style=\"font-weight: 400;\" aria-level=\"1\"><b>korzystanie z zasad treningu mentalnego dedykowanego snowboardzi\u015bcie = <\/b><span style=\"font-weight: 400;\">zwi\u0119kszanie \u015bwiadomo\u015bci w sporcie, w rozwoju, w nauczaniu, w snowboardingu, w zdrowiu, poprawa refleksu, koordynacji ruchowej, regeneracji cia\u0142a i umys\u0142u, pewno\u015bci siebie, jako\u015bci jazdy\u00a0<\/span><\/li>\n<\/ul>\n<p><b>HARMONOGRAM P\u0141ATNO\u015aCI ZALICZKOWEJ:<\/b><\/p>\n<p><span style=\"font-weight: 400;\">\u2013 zaliczka 50% podczas zapis\u00f3w \u00a0(p\u0142atno\u015b\u0107 przelewem tradycyjnym do 48h od zam\u00f3wienia) na dane firmy:<\/span><\/p>\n<p>CRE \u221e POWDER POWER RIDERS Kamila \u015awi\u0119czkowska<\/p>\n<p><strong>74 1140 2004 0000 3102 8070 7864<\/strong><\/p>\n<p>Tytu\u0142: nr zam\u00f3wienia \/ termin \/ uczestnik \u2013 je\u015bli dane p\u0142atnika s\u0105 inne ni\u017c uczestnika<\/p>\n<p><span style=\"font-weight: 400;\">\u2013 do 3 tyg. przed kursem \u2013 pozosta\u0142a cz\u0119\u015b\u0107 op\u0142aty za kurs (p\u0142atno\u015b\u0107 przelewem tradycyjnym)<\/span><\/p>\n<p><b>ZASADY REZYGNACJI:<\/b><\/p>\n<p><span class=\"jsx-62cea66720eb3f1\">Dost\u0119pne w regulaminie. <\/span><\/p>\n<p><b>WARUNEK KONIECZNY DO ZAPISU<\/b><\/p>\n<p><span style=\"font-weight: 400;\">II stopie\u0144 SITS lub umiej\u0119tno\u015bci na poziomie drugiego stopinia: umiej\u0119tno\u015b\u0107 jazdy na snowboardzie w stopniu podstawowym \u2013 swobodna jazda \u015blizgowa frontside\/backside; jazda na drug\u0105 nog\u0119 w stopniu podstawowym (switch)<\/span><\/p>\n<p><b>Op\u0142acenie zam\u00f3wienia jest r\u00f3wnoznaczne z akceptacj\u0105 regulaminu Pow Pow Riders. Znajduje si\u0119 on na stronie sklepu.<\/b><\/p>\n<p><span style=\"font-weight: 400;\">\u00a0<\/span><\/p>\n<p>&nbsp;<\/p>\n","protected":false},"excerpt":{"rendered":"<p><b>Terminy:<\/b><\/p>\n<div class=\"jsx-2b7d2948af779a89 what-is-it\">\n<p class=\"jsx-2b7d2948af779a89\">Buttering 2 dni (jako cz\u0119\u015b\u0107 szkolenia) \u2013 18\u201324.04.25 \u2013 Lodowiec M\u00f6lltaler \u2013 Alpy z Pow Pow Riders<\/p>\n<p><a title=\"SPRAWDZAM\" href=\"https:\/\/powpowriders.com\/spring-snow-pow-camp-lodowiec.html\">SPRAWDZAM<\/a><\/p>\n<p><strong>Zrealizowane:<\/strong><\/p>\n<\/div>\n<div class=\"jsx-2b7d2948af779a89 what-is-it\">\n<p class=\"jsx-2b7d2948af779a89\">Buttering 4 dni \u2013 15\u201318.12.25 \u2013 Szczyrk<\/p>\n<div class=\"jsx-2b7d2948af779a89 what-is-it\">\n<p class=\"jsx-2b7d2948af779a89\">Trick Camp 3 dni \u2013 19\u201321.12.25\u2013 Bia\u0142y Krzy\u017c Snowpark + Czarny Gro\u0144 Snowpark<\/p>\n<div class=\"jsx-2b7d2948af779a89 what-is-it\">\n<p class=\"jsx-2b7d2948af779a89\">Trick Camp 3 dni \u2013 05\u201307.01.26 \u2013 Bia\u0142y Krzy\u017c Snowpark + Czarny Gro\u0144 Snowpark<\/p>\n<div class=\"jsx-2b7d2948af779a89 what-is-it\">\n<p class=\"jsx-2b7d2948af779a89\">Buttering 4 dni \u2013 18\u201321.01.26 \u2013 Szczyrk<\/p>\n<div class=\"jsx-2b7d2948af779a89 what-is-it\">\n<p class=\"jsx-2b7d2948af779a89\">Trick Camp 3 dni \u2013 22\u201324.01.26 \u2013 Bia\u0142y Krzy\u017c Snowpark + Czarny Gro\u0144 Snowpark<\/p>\n<\/div>\n<\/div>\n<\/div>\n<\/div>\n<\/div>\n","protected":false},"featured_media":4728,"comment_status":"open","ping_status":"closed","template":"","meta":{"om_disable_all_campaigns":false,"_monsterinsights_skip_tracking":false,"_monsterinsights_sitenote_active":false,"_monsterinsights_sitenote_note":"","_monsterinsights_sitenote_category":0},"product_cat":[65,61,93],"product_tag":[95,96,94,97,49,48],"class_list":["post-4479","product","type-product","status-publish","has-post-thumbnail","hentry","product_cat-sezonzimowy","product_cat-snowboarding","product_cat-zima-24-25","product_tag-buttering","product_tag-snow","product_tag-snowboarding-narty-zima","product_tag-winter","product_tag-narty","product_tag-snowboarding"],"aioseo_notices":[],"blog_post_layout_featured_media_urls":{"thumbnail":["https:\/\/powpowriders.com\/pow-store\/wp-content\/uploads\/2024\/05\/20-150x150.png",150,150,true],"full":["https:\/\/powpowriders.com\/pow-store\/wp-content\/uploads\/2024\/05\/20.png",500,500,false]},"categories":["33"],"categories_names":{"33":{"name":"variable","link":"https:\/\/powpowriders.com\/pow-store\/?taxonomy=product_type&term=variable"}},"comments_number":"0","_links":{"self":[{"href":"https:\/\/powpowriders.com\/pow-store\/wp-json\/wp\/v2\/product\/4479","targetHints":{"allow":["GET"]}}],"collection":[{"href":"https:\/\/powpowriders.com\/pow-store\/wp-json\/wp\/v2\/product"}],"about":[{"href":"https:\/\/powpowriders.com\/pow-store\/wp-json\/wp\/v2\/types\/product"}],"replies":[{"embeddable":true,"href":"https:\/\/powpowriders.com\/pow-store\/wp-json\/wp\/v2\/comments?post=4479"}],"wp:featuredmedia":[{"embeddable":true,"href":"https:\/\/powpowriders.com\/pow-store\/wp-json\/wp\/v2\/media\/4728"}],"wp:attachment":[{"href":"https:\/\/powpowriders.com\/pow-store\/wp-json\/wp\/v2\/media?parent=4479"}],"wp:term":[{"taxonomy":"product_cat","embeddable":true,"href":"https:\/\/powpowriders.com\/pow-store\/wp-json\/wp\/v2\/product_cat?post=4479"},{"taxonomy":"product_tag","embeddable":true,"href":"https:\/\/powpowriders.com\/pow-store\/wp-json\/wp\/v2\/product_tag?post=4479"}],"curies":[{"name":"wp","href":"https:\/\/api.w.org\/{rel}","templated":true}]}}