{"id":4486,"date":"2024-05-31T14:28:11","date_gmt":"2024-05-31T12:28:11","guid":{"rendered":"https:\/\/powpowriders.com\/pow-store\/?post_type=product&#038;p=4486"},"modified":"2025-11-25T13:23:40","modified_gmt":"2025-11-25T11:23:40","slug":"ii-sits-kurs-z-egzaminem","status":"publish","type":"product","link":"https:\/\/powpowriders.com\/pow-store\/produkt\/ii-sits-kurs-z-egzaminem\/","title":{"rendered":"II SITS | Kurs z\/bez egzaminu"},"content":{"rendered":"<p><strong>Rodzaj szkolenia:<\/strong> Stopnie SITS \/ Szkolenie rozwojowe na poziomie podstawowym oraz \u015bredniozaawansowanym<\/p>\n<p><strong>Rodzaj oferty:<\/strong> kurs szkoleniowy 6\u2013dniowy z\/bez egzaminu<\/p>\n<p><strong>Terminy:<\/strong><\/p>\n<div class=\"jsx-62cea66720eb3f1 details-info\">\n<div class=\"jsx-62cea66720eb3f1 reservation\">Szczyrk \u2013 11\u201316.01.26<\/div>\n<\/div>\n<p><strong>Twoje najlepsze szkolenie:<\/strong><\/p>\n<ul>\n<li><strong>profesjonalne\u00a0<\/strong>szkolenie na stoku, wszechstronni, do\u015bwiadczeni, tytu\u0142owani instruktorzy<\/li>\n<li><span style=\"font-weight: 400;\">dost\u0119p do <strong>fachowej literatury podczas kursu<\/strong>, pomocnej w lepszym zrozumieniu poznawanych technik<\/span><\/li>\n<li><strong>bezpo\u015bredni kontakt z instruktorem prowadz\u0105cym<\/strong> podczas trwania kursu, zar\u00f3wno na stoku jak te\u017c po zaj\u0119ciach dziennych<\/li>\n<li>videoanaliza, przyspieszaj\u0105ca progres<\/li>\n<li>wyk\u0142ady pe\u0142ne wiedzy, niezb\u0119dna i jako\u015bciowa wiedza snowboardowa z zakresu bezpiecze\u0144stwa, techniki jazdy, freestyle, sportu, sprz\u0119tu i jego serwisu, WYJ\u0104TKOWE materia\u0142y ze snowboardowych podr\u00f3\u017cy pozakontynentalnych \ud83d\ude09 np. Utah Olympic Park<\/li>\n<li><strong>dodatkowe treningi i zaj\u0119cia rozwojowe z zakresu psychomotoryki, stretchingu, neuro stretchingu, treningu mentalnego dedykowanego snowboardzi\u015bcie =\u00a0<\/strong>zwi\u0119kszanie \u015bwiadomo\u015bci w sporcie, w rozwoju, w nauczaniu, w snowboardingu, w zdrowiu, poprawa refleksu, koordynacji ruchowej, regeneracji cia\u0142a i umys\u0142u, pewno\u015bci siebie, jako\u015bci jazdy<\/li>\n<\/ul>\n<p>(programy konkretnych kurs\u00f3w mog\u0105 si\u0119 r\u00f3\u017cni\u0107 w zale\u017cno\u015bci od ich rodzaj\u00f3w)<\/p>\n<p><b>HARMONOGRAM P\u0141ATNO\u015aCI ZALICZKOWEJ:<\/b><\/p>\n<p>\u2013 zaliczka 50% podczas zapis\u00f3w \u00a0(p\u0142atno\u015b\u0107 przelewem tradycyjnym do 48h od zam\u00f3wienia) na dane firmy:<\/p>\n<p>CRE \u221e POWDER POWER RIDERS Kamila \u015awi\u0119czkowska<\/p>\n<p><strong>74 1140 2004 0000 3102 8070 7864<\/strong><\/p>\n<p>Tytu\u0142: nr zam\u00f3wienia \/ termin \/ uczestnik \u2013 je\u015bli dane p\u0142atnika s\u0105 inne ni\u017c uczestnika<\/p>\n<p>\u2013 do 3 tyg. przed kursem \u2013 pozosta\u0142a cz\u0119\u015b\u0107 op\u0142aty za kurs (p\u0142atno\u015b\u0107 przelewem tradycyjnym)<\/p>\n<p><b>ZASADY REZYGNACJI:<\/b><\/p>\n<p><span class=\"jsx-62cea66720eb3f1\">Dost\u0119pne w regulaminie. <\/span><\/p>\n<p><strong class=\"jsx-62cea66720eb3f1\">ZAKWATEROWANIE:<\/strong><\/p>\n<div class=\"jsx-62cea66720eb3f1 new-container-blocks\">\n<p>Nocleg grupowy w Szczyrku, w naszej od lat sprawdzonej miejsc\u00f3wce Domek Breloka. Szczeg\u00f3\u0142y dost\u0119pne po zapisie.<\/p>\n<p>Cena zesz\u0142oroczna dla zakwaterowania 6 dni\/os. wynosi\u0142a 699 z\u0142.<\/p>\n<p><strong>DOJAZD<\/strong><\/p>\n<p>\u2013 dojazd wsp\u00f3lny z innymi uczestnikami szkolenia b\u0105d\u017a indywidualny<\/p>\n<p><strong>KARNET<\/strong><\/p>\n<p>\u2013 karnet kupisz na stronie: https:\/\/www.gopass.travel\/ koniecznie skorzystaj z karty ISIC\/ITIC\/IYTC aby otrzyma\u0107 zni\u017ck\u0119<\/p>\n<p>\u2013 w przypadku 2+ kurs\u00f3w z Pow Pow, rozwa\u017c zakup sezon\u00f3wki<\/p>\n<p>WA\u017bNE: zanim kupisz karnet poczekaj na potwierdzenie od organizatora dotycz\u0105ce ilo\u015bci dni w karnecie<\/p>\n<p><b>ZASADY REZYGNACJI:<\/b><\/p>\n<p>Dost\u0119pne s\u0105 w regulaminie.<\/p>\n<p><b>WARUNEK KONIECZNY DO ZAPISU<\/b><\/p>\n<\/div>\n<p>na II stopie\u0144: umiej\u0119tno\u015b\u0107 jazdy na snowboardzie w stopniu podstawowym \u2013 swobodna jazda \u015blizgowa frontside\/backside; atutem b\u0119dzie jazda na drug\u0105 nog\u0119 w stopniu podstawowym (switch)<\/p>\n<p>na III stopie\u0144: II stopie\u0144 SITS \/ stopie\u0144 Asystenta Instruktora SITS<\/p>\n<p>na Asystenta SITS: II stopie\u0144 SITS \/ III stopie\u0144 SITS + II stopie\u0144 SITS<\/p>\n<p><b>Op\u0142acenie zam\u00f3wienia jest r\u00f3wnoznaczne z akceptacj\u0105 regulaminu Pow Pow Riders. Znajduje si\u0119 on na stronie sklepu.<\/b><\/p>\n","protected":false},"excerpt":{"rendered":"<p><strong>Terminy:<\/strong><\/p>\n<div class=\"jsx-62cea66720eb3f1 details-info\">\n<div class=\"jsx-62cea66720eb3f1 reservation\">Szczyrk \u2013 11\u201316.01.26<\/div>\n<\/div>\n","protected":false},"featured_media":4733,"comment_status":"open","ping_status":"closed","template":"","meta":{"om_disable_all_campaigns":false,"_monsterinsights_skip_tracking":false,"_monsterinsights_sitenote_active":false,"_monsterinsights_sitenote_note":"","_monsterinsights_sitenote_category":0},"product_cat":[65,61,93],"product_tag":[68,50,49,48,51],"class_list":["post-4486","product","type-product","status-publish","has-post-thumbnail","hentry","product_cat-sezonzimowy","product_cat-snowboarding","product_cat-zima-24-25","product_tag-sits","product_tag-ebook","product_tag-narty","product_tag-snowboarding","product_tag-zima"],"aioseo_notices":[],"blog_post_layout_featured_media_urls":{"thumbnail":["https:\/\/powpowriders.com\/pow-store\/wp-content\/uploads\/2024\/05\/25-150x150.png",150,150,true],"full":["https:\/\/powpowriders.com\/pow-store\/wp-content\/uploads\/2024\/05\/25.png",500,500,false]},"categories":["33"],"categories_names":{"33":{"name":"variable","link":"https:\/\/powpowriders.com\/pow-store\/?taxonomy=product_type&term=variable"}},"comments_number":"0","_links":{"self":[{"href":"https:\/\/powpowriders.com\/pow-store\/wp-json\/wp\/v2\/product\/4486","targetHints":{"allow":["GET"]}}],"collection":[{"href":"https:\/\/powpowriders.com\/pow-store\/wp-json\/wp\/v2\/product"}],"about":[{"href":"https:\/\/powpowriders.com\/pow-store\/wp-json\/wp\/v2\/types\/product"}],"replies":[{"embeddable":true,"href":"https:\/\/powpowriders.com\/pow-store\/wp-json\/wp\/v2\/comments?post=4486"}],"wp:featuredmedia":[{"embeddable":true,"href":"https:\/\/powpowriders.com\/pow-store\/wp-json\/wp\/v2\/media\/4733"}],"wp:attachment":[{"href":"https:\/\/powpowriders.com\/pow-store\/wp-json\/wp\/v2\/media?parent=4486"}],"wp:term":[{"taxonomy":"product_cat","embeddable":true,"href":"https:\/\/powpowriders.com\/pow-store\/wp-json\/wp\/v2\/product_cat?post=4486"},{"taxonomy":"product_tag","embeddable":true,"href":"https:\/\/powpowriders.com\/pow-store\/wp-json\/wp\/v2\/product_tag?post=4486"}],"curies":[{"name":"wp","href":"https:\/\/api.w.org\/{rel}","templated":true}]}}