{"id":4502,"date":"2024-05-31T13:13:53","date_gmt":"2024-05-31T11:13:53","guid":{"rendered":"https:\/\/powpowriders.com\/pow-store\/?post_type=product&#038;p=4502"},"modified":"2025-12-13T00:28:57","modified_gmt":"2025-12-12T22:28:57","slug":"spring-camp-lodowiec","status":"publish","type":"product","link":"https:\/\/powpowriders.com\/pow-store\/produkt\/spring-camp-lodowiec\/","title":{"rendered":"SPRING CAMP | buttering &#038; carving | lodowiec"},"content":{"rendered":"<p><b>Termin: 18\u201324.04.26<\/b><\/p>\n<p><b>Miejsce: Lodowiec M\u00f6lltaler<\/b><\/p>\n<p><b>Rodzaj szkolenia: Kurs ko\u0144cz\u0105cy sezon snowboardowy \u2013 Lodowiec z Pow Pow Rides<\/b><\/p>\n<p><strong>W skr\u00f3cie: buttering &amp; carving\u00a0 \u2013 kurs podsumowuj\u0105cy sezon \u2013 holistyczny progres \u2013 dwa poziomy zaawansowania \u2013 wiosenny snowboarding<\/strong><\/p>\n<p><span style=\"font-weight: 400;\">5 DNI JAZDY NA LODOWCU \u2013 5 DNIOWE SZKOLENIE \u00a0\u2013 MAKSIMUM WYKORZYSTANEGO CZASU\u00a0 \u2013 NIESPODZIANKI SZKOLENIOWE SNOWBOARDOWE<\/span><\/p>\n<p><b>Rodzaj oferty:<\/b><span style=\"font-weight: 400;\"> wyjazd 7 dniowy, kurs szkoleniowy 5\u2013dniowy, zakwaterowanie<\/span><\/p>\n<p><b>Ilo\u015b\u0107 miejsc limitowana.<\/b><\/p>\n<p><b>Twoje najlepsze szkolenie:<\/b><\/p>\n<p><span style=\"font-weight: 400;\">Szkolenie sk\u0142ada si\u0119 z dw\u00f3ch osobnych kurs\u00f3w. Ka\u017cda grupa, \u015bredniozaawansowana i zaawansowana b\u0119dzie mia\u0142a mo\u017cliwo\u015b\u0107 pracy z dwoma instruktorami.<\/span><\/p>\n<p><span style=\"font-weight: 400;\">2 dni butteringu &amp; <\/span><span style=\"font-weight: 400;\">2 dni carvingu \u00a0&amp; 1 switch day \u2013 snowpark day (zgodnie z dost\u0119pno\u015bci\u0105 snowparku)<\/span><\/p>\n<p>Program:<\/p>\n<p><span style=\"font-weight: 400;\">dzie\u0144 1: przywitanie z lodowcem, ze \u015bniegiem, <\/span><\/p>\n<p><span style=\"font-weight: 400;\">pierwszy dzie\u0144 szkolenia buttering \/ carving w zale\u017cno\u015bci od grupy<\/span><\/p>\n<p><span style=\"font-weight: 400;\">dzie\u0144 2: drugi dzie\u0144 szkolenia buttering \/ carving w zale\u017cno\u015bci od grupy<\/span><\/p>\n<p><span style=\"font-weight: 400;\">dzie\u0144 3 trzeci dzie\u0144 szkolenia buttering \/ carving w zale\u017cno\u015bci od grupy<\/span><\/p>\n<p><span style=\"font-weight: 400;\">dzie\u0144 4 czwarty dzie\u0144 szkolenia buttering \/ carving w zale\u017cno\u015bci od grupy<\/span><\/p>\n<p><span style=\"font-weight: 400;\">dzie\u0144 5 pi\u0105ty dzie\u0144 szkolenia <\/span><span style=\"font-weight: 400;\">switch day \u2013 snowpark day (zgodnie z dost\u0119pno\u015bci\u0105 snowparku)<\/span><\/p>\n<p><span style=\"font-weight: 400;\">MORE PRO \u2013 zaawansowana \u2013 na szkoleniu technicznym b\u0119dzie trenowa\u0107 jazd\u0119 na kraw\u0119dzi na switch oraz na swoj\u0105 nog\u0119, zaawansowane techniki jazdy na zaawansowanych nachyleniach lodowca oraz b\u0119dzie si\u0119 uczy\u0107 euro carvingu. <\/span><span style=\"font-weight: 400;\">W drugim bloku szkoleniowym, kolejnych dw\u00f3ch dniach z drugim instruktorem, wsi\u0105knie w pe\u0142ni w buttering. Combosy butteringowe oraz wykorzystanie ich w naturalnym \u015brodowisku lodowca.\u00a0\u00a0\u00a0<\/span><\/p>\n<p><span style=\"font-weight: 400;\">LESS PRO \u2013 \u015bredniozaawansowana \u2013 na szkoleniu technicznym b\u0119dzie trenowa\u0107 jazd\u0119 na kraw\u0119dzi oraz jazd\u0119 \u015blizgow\u0105 switch. To czas na ciekawe i z\u0142o\u017cone \u0107wiczenia techniki jazdy, w kt\u00f3rych mo\u017cna doszlifowa\u0107 niekt\u00f3re elementy pod czujnym okiem instruktora oraz rozje\u017adzi\u0107 \u015blizg i kraw\u0119d\u017a na ca\u0142y sezon.\u00a0<\/span><span style=\"font-weight: 400;\">W dw\u00f3ch kolejnych dniach szkolenia, z drugim instruktorem, riders wejd\u0105 w \u015bwiat butteringu. Je\u015bli podstawy tj dobre czucie deski na \u015blizgu jest Ci znane, czas nauczy\u0107 si\u0119 i wytrenowa\u0107 nowe bardziej zaawansowane sztuczki butteringowe.<\/span><\/p>\n<p><span style=\"font-weight: 400;\">Dodatkowo szykujemy co\u015b EXTRA \u2013 <\/span><b>INSTRUKTOR GOODIES<\/b><\/p>\n<p><span style=\"font-weight: 400;\">Na wyje\u017adzie przygotowali\u015bmy praktyczny blok szkoleniowy dla Asystent\u00f3w i Instruktor\u00f3w. Z uwagi na to, \u017ce jest to pocz\u0105tek sezonu oraz chcemy aby ka\u017cdy z Was wszed\u0142 w sezon przygotowany po przerwie, rozgrzany oraz z dzik\u0105 pewno\u015bci\u0105 siebie, przygotowali\u015bmy tak\u0105 niespodziank\u0119.\u00a0<\/span><\/p>\n<p><strong>Szkolenia w Pow Pow to:<\/strong><\/p>\n<ul>\n<li style=\"font-weight: 400;\" aria-level=\"1\"><b>profesjonalne <\/b><span style=\"font-weight: 400;\">szkolenie na stoku, wszechstronni, do\u015bwiadczeni instruktorzy<\/span><\/li>\n<li style=\"font-weight: 400;\" aria-level=\"1\"><b>bezpo\u015bredni kontakt z instruktorem prowadz\u0105cym<\/b><span style=\"font-weight: 400;\"> podczas trwania kursu, zar\u00f3wno na stoku jak te\u017c po zaj\u0119ciach dziennych<\/span><\/li>\n<li style=\"font-weight: 400;\" aria-level=\"1\"><span style=\"font-weight: 400;\">videoanaliza, przyspieszaj\u0105ca progres<\/span><\/li>\n<li style=\"font-weight: 400;\" aria-level=\"1\"><b>dodatkowe treningi i zaj\u0119cia rozwojowe z zakresu psychomotoryki, stretchingu, neuro stretchingu, treningu mentalnego dedykowanego snowboardzi\u015bcie = <\/b><span style=\"font-weight: 400;\">zwi\u0119kszanie \u015bwiadomo\u015bci w sporcie, w rozwoju, w nauczaniu, w snowboardingu, w zdrowiu, poprawa refleksu, koordynacji ruchowej, regeneracji cia\u0142a i umys\u0142u, pewno\u015bci siebie, jako\u015bci jazdy\u00a0<\/span><\/li>\n<\/ul>\n<p><span style=\"font-weight: 400;\">(programy konkretnych kurs\u00f3w mog\u0105 si\u0119 r\u00f3\u017cni\u0107 w zale\u017cno\u015bci od ich rodzaj\u00f3w)<\/span><\/p>\n<p><b>HARMONOGRAM P\u0141ATNO\u015aCI ZALICZKOWEJ:<\/b><\/p>\n<p><span style=\"font-weight: 400;\">\u2013 zaliczka 50% podczas zapis\u00f3w \u00a0(p\u0142atno\u015b\u0107 przelewem tradycyjnym do 48h od zam\u00f3wienia) na dane firmy:<\/span><\/p>\n<p>CRE \u221e POWDER POWER RIDERS Kamila \u015awi\u0119czkowska<\/p>\n<p><strong>74 1140 2004 0000 3102 8070 7864<\/strong><\/p>\n<p>Tytu\u0142: nr zam\u00f3wienia \/ termin \/ uczestnik \u2013 je\u015bli dane p\u0142atnika s\u0105 inne ni\u017c uczestnika<\/p>\n<p><span style=\"font-weight: 400;\">\u2013 do 3 tyg. przed kursem \u2013 pozosta\u0142a cz\u0119\u015b\u0107 op\u0142aty za kurs (p\u0142atno\u015b\u0107 przelewem tradycyjnym)<\/span><\/p>\n<p><strong class=\"jsx-62cea66720eb3f1\">ZAKWATEROWANIE:<\/strong><\/p>\n<p>W cenie wyjazdu.<\/p>\n<p>Komfortowe zakwaterowanie 6 dniowe w okolicach lodowca i stok\u00f3w \u2013 spokojne zakwaterowanie po podr\u00f3\u017cy, 5 dni snowboardingu na lodowcu, wypoczynek przed drog\u0105 powrotn\u0105, wykwaterowanie bez po\u015bpiechu.<\/p>\n<div class=\"jsx-62cea66720eb3f1 new-container-blocks\">\n<p class=\"jsx-62cea66720eb3f1 new-write-course\">Jako zakwaterowanie wsp\u00f3lne wybrali\u015bmy<span style=\"font-weight: 400;\">\u00a0nocleg w miejscowo\u015bci Flattach nieopodal Lodowca w pensjonacie Landhaus B\u00fcrse. <\/span><span style=\"font-weight: 400;\">Dojazd na stok to jedyne 13 min. Do dyspozycji uczestnik\u00f3w s\u0105 dwa apartamenty: 6 osobowy i 4 osobowy, z dwoma sypialniami, \u0142azienkami, kuchniami, ka\u017cdy. C<\/span>zysto i komfortowo.<\/p>\n<p class=\"jsx-62cea66720eb3f1 new-write-course\"><strong class=\"jsx-62cea66720eb3f1\">WY\u017bYWIENIE<\/strong><\/p>\n<p class=\"jsx-62cea66720eb3f1 new-write-course\">Obiekt nie zapewnia posi\u0142k\u00f3w. Wy\u017cywienie jest we w\u0142asnym zakresie. Nieopodal jest dost\u0119pny sklep spo\u017cywczy. W apartamentach s\u0105 aneksy kuchenne.<\/p>\n<p class=\"jsx-62cea66720eb3f1 new-write-course\">\u00a0<img loading=\"lazy\" decoding=\"async\" class=\"alignnone wp-image-4738\" src=\"https:\/\/powpowriders.com\/pow-store\/wp-content\/uploads\/2024\/05\/302062220-300x200.jpg\" alt=\"\" width=\"335\" height=\"223\" srcset=\"https:\/\/powpowriders.com\/pow-store\/wp-content\/uploads\/2024\/05\/302062220-300x200.jpg 300w, https:\/\/powpowriders.com\/pow-store\/wp-content\/uploads\/2024\/05\/302062220-768x512.jpg 768w, https:\/\/powpowriders.com\/pow-store\/wp-content\/uploads\/2024\/05\/302062220-600x400.jpg 600w, https:\/\/powpowriders.com\/pow-store\/wp-content\/uploads\/2024\/05\/302062220.jpg 800w\" sizes=\"auto, (max-width: 335px) 100vw, 335px\" \/> <img loading=\"lazy\" decoding=\"async\" class=\"alignnone size-medium wp-image-4739\" src=\"https:\/\/powpowriders.com\/pow-store\/wp-content\/uploads\/2024\/05\/164741354-300x225.jpg\" alt=\"\" width=\"300\" height=\"225\" srcset=\"https:\/\/powpowriders.com\/pow-store\/wp-content\/uploads\/2024\/05\/164741354-300x225.jpg 300w, https:\/\/powpowriders.com\/pow-store\/wp-content\/uploads\/2024\/05\/164741354-768x576.jpg 768w, https:\/\/powpowriders.com\/pow-store\/wp-content\/uploads\/2024\/05\/164741354-600x450.jpg 600w, https:\/\/powpowriders.com\/pow-store\/wp-content\/uploads\/2024\/05\/164741354.jpg 1024w\" sizes=\"auto, (max-width: 300px) 100vw, 300px\" \/> <img loading=\"lazy\" decoding=\"async\" class=\"alignnone size-medium wp-image-4740\" src=\"https:\/\/powpowriders.com\/pow-store\/wp-content\/uploads\/2024\/05\/27206666-300x225.jpg\" alt=\"\" width=\"300\" height=\"225\" srcset=\"https:\/\/powpowriders.com\/pow-store\/wp-content\/uploads\/2024\/05\/27206666-300x225.jpg 300w, https:\/\/powpowriders.com\/pow-store\/wp-content\/uploads\/2024\/05\/27206666-768x576.jpg 768w, https:\/\/powpowriders.com\/pow-store\/wp-content\/uploads\/2024\/05\/27206666-600x450.jpg 600w, https:\/\/powpowriders.com\/pow-store\/wp-content\/uploads\/2024\/05\/27206666.jpg 1024w\" sizes=\"auto, (max-width: 300px) 100vw, 300px\" \/> <img loading=\"lazy\" decoding=\"async\" class=\"alignnone size-medium wp-image-4741\" src=\"https:\/\/powpowriders.com\/pow-store\/wp-content\/uploads\/2024\/05\/174423703-300x225.jpg\" alt=\"\" width=\"300\" height=\"225\" srcset=\"https:\/\/powpowriders.com\/pow-store\/wp-content\/uploads\/2024\/05\/174423703-300x225.jpg 300w, https:\/\/powpowriders.com\/pow-store\/wp-content\/uploads\/2024\/05\/174423703-768x576.jpg 768w, https:\/\/powpowriders.com\/pow-store\/wp-content\/uploads\/2024\/05\/174423703-600x450.jpg 600w, https:\/\/powpowriders.com\/pow-store\/wp-content\/uploads\/2024\/05\/174423703.jpg 1024w\" sizes=\"auto, (max-width: 300px) 100vw, 300px\" \/> <img loading=\"lazy\" decoding=\"async\" class=\"alignnone wp-image-4742\" src=\"https:\/\/powpowriders.com\/pow-store\/wp-content\/uploads\/2024\/05\/bild7-300x206.jpg\" alt=\"\" width=\"328\" height=\"225\" srcset=\"https:\/\/powpowriders.com\/pow-store\/wp-content\/uploads\/2024\/05\/bild7-300x206.jpg 300w, https:\/\/powpowriders.com\/pow-store\/wp-content\/uploads\/2024\/05\/bild7-768x529.jpg 768w, https:\/\/powpowriders.com\/pow-store\/wp-content\/uploads\/2024\/05\/bild7-600x413.jpg 600w, https:\/\/powpowriders.com\/pow-store\/wp-content\/uploads\/2024\/05\/bild7.jpg 850w\" sizes=\"auto, (max-width: 328px) 100vw, 328px\" \/> <img loading=\"lazy\" decoding=\"async\" class=\"alignnone size-medium wp-image-4743\" src=\"https:\/\/powpowriders.com\/pow-store\/wp-content\/uploads\/2024\/05\/bild13-300x206.jpg\" alt=\"\" width=\"300\" height=\"206\" srcset=\"https:\/\/powpowriders.com\/pow-store\/wp-content\/uploads\/2024\/05\/bild13-300x206.jpg 300w, https:\/\/powpowriders.com\/pow-store\/wp-content\/uploads\/2024\/05\/bild13-768x529.jpg 768w, https:\/\/powpowriders.com\/pow-store\/wp-content\/uploads\/2024\/05\/bild13-600x413.jpg 600w, https:\/\/powpowriders.com\/pow-store\/wp-content\/uploads\/2024\/05\/bild13.jpg 850w\" sizes=\"auto, (max-width: 300px) 100vw, 300px\" \/><\/p>\n<\/div>\n<p><strong>DOJAZD<\/strong><\/p>\n<div class=\"jsx-62cea66720eb3f1 new-container-blocks\">\n<p>\u2013 dojazd wsp\u00f3lny z innymi uczestnikami szkolenia transportem zorganizowanym po uzbieraniu si\u0119 grupy (przeczytaj FAQ pod linkiem strony szkolenia https:\/\/powpowriders.com\/lodowiec-w-listopadzie.html )<\/p>\n<p>Wyjazd z Krakowa &gt; przez Katowice \u2013 mini BUS + auto osobowe \u2013 szybciej na miejscu, mobilno\u015b\u0107, wygodniej w trasie, wyjazd w godzinach porannych.<\/p>\n<p>Przewidywana kwota 380 z\u0142 za osob\u0119 w obie strony<\/p>\n<p>W przypadku zmian cen paliwa do kwietnia 2026, mo\u017cliwa nieznacznie ni\u017csza b\u0105d\u017a wy\u017csza kwota.<\/p>\n<p><strong>KARNET<\/strong><\/p>\n<p><b>Czy na karnet obowi\u0105zuj\u0105 zni\u017cki?\u00a0<\/b><\/p>\n<p><span style=\"font-weight: 400;\">Tak. Je\u015bli uczysz si\u0119, pracujesz jako nauczyciel lub trener, instruktor snowboardu, tzn. masz aktualn\u0105 legitymacj\u0119 lub licencj\u0119, obowi\u0105zuje Ci\u0119 zni\u017cka w systemie gopass. Po wi\u0119cej informacji napisz do nas, pomo\u017cemy!<\/span><\/p>\n<p><b>Jaki karnet nale\u017cy kupi\u0107?<\/b><\/p>\n<p><span style=\"font-weight: 400;\">Karnet pi\u0119ciodniowy. <\/span>Do zakupu samodzielnego przez system gopass.<\/p>\n<p>\u2013 ze zni\u017ck\u0105 165 eur (ok 699 z\u0142)<\/p>\n<p>\u2013 bez zni\u017cki 220 eur (ok. 935 z\u0142)<\/p>\n<p>cena z pa\u017adziernika 2025<\/p>\n<p>\u2013 karnet do kupienia na stronie: https:\/\/www.gopass.travel\/ koniecznie skorzystaj z karty ISIC\/ITIC\/IYTC aby otrzyma\u0107 zni\u017ck\u0119<\/p>\n<p><b>WARUNEK KONIECZNY DO ZAPISU<\/b><\/p>\n<p>wiek: 15+<\/p>\n<\/div>\n<p><span style=\"font-weight: 400;\">grupa less pro: umiej\u0119tno\u015bci jazdy na snowboardzie w stopniu podstawowym \u2013 swobodna jazda \u015blizgowa frontside\/backside; atutem b\u0119dzie jazda na drug\u0105 nog\u0119 w stopniu podstawowym (switch)<\/span><\/p>\n<p>grupa more pro: <span style=\"font-weight: 400;\">umiej\u0119tno\u015bci jazdy na snowboardzie w stopniu \u015bredniozaawansowanym\/zaawansowanym, umiej\u0119tno\u015b\u0107 jazdy na kraw\u0119dzi, switch, znajomo\u015b\u0107 podstawowych i \u015bredniozaawansowanych butter\u00f3w<\/span><\/p>\n<p><b>ZASADY REZYGNACJI:<\/b><\/p>\n<p><span class=\"jsx-62cea66720eb3f1\">Dost\u0119pne w regulaminie.<\/span><\/p>\n<div class=\"jsx-62cea66720eb3f1 new-container-blocks\">\n<p><b>WARUNEK KONIECZNY DO ZAPISU<\/b><\/p>\n<\/div>\n<p><span style=\"font-weight: 400;\">\u2013 grupa less pro \u2013 poziom II stopie\u0144: umiej\u0119tno\u015b\u0107 jazdy na snowboardzie w stopniu podstawowym \u2013 swobodna jazda \u015blizgowa frontside\/backside; atutem b\u0119dzie jazda na drug\u0105 nog\u0119 w stopniu podstawowym (switch)<\/span><\/p>\n<p><span style=\"font-weight: 400;\">\u2013 grupa more pro \u00a0\u2013 poziom III stopie\u0144\/II stopie\u0144 SITS: umiej\u0119tno\u015b\u0107 jazdy na kraw\u0119dzi w stopniu \u015bredniozaawansowanym\u2013 swobodna jazda switch frontside\/backside<\/span><\/p>\n<p><b>Op\u0142acenie zam\u00f3wienia jest r\u00f3wnoznaczne z akceptacj\u0105 regulaminu Pow Pow Riders. Znajduje si\u0119 on na stronie sklepu.<\/b><\/p>\n","protected":false},"excerpt":{"rendered":"<p><b>Termin: 18\u201324.04.26<\/b><\/p>\n<p><b>Miejsce: Lodowiec M\u00f6lltaler<\/b><\/p>\n<p><b>Rodzaj szkolenia: Kurs ko\u0144cz\u0105cy sezon snowboardowy \u2013 Lodowiec z Pow Pow Rides<\/b><\/p>\n<p><strong>W skr\u00f3cie: buttering &amp; carving\u00a0 \u2013 kurs podsumowuj\u0105cy sezon \u2013 holistyczny progres \u2013 dwa poziomy zaawansowania<\/strong><\/p>\n<p><span style=\"font-weight: 400;\">5 DNI JAZDY NA LODOWCU \u2013 5 DNIOWE SZKOLENIE \u00a0\u2013 MAKSIMUM WYKORZYSTANEGO CZASU\u00a0 \u2013 NIESPODZIANKI SZKOLENIOWE SNOWBOARDOWE<\/span><\/p>\n<p><b>Rodzaj oferty:<\/b><span style=\"font-weight: 400;\"> wyjazd 7 dniowy, kurs szkoleniowy 5\u2013dniowy, zakwaterowanie, wiosenny shred<\/span><\/p>\n","protected":false},"featured_media":4819,"comment_status":"open","ping_status":"closed","template":"","meta":{"om_disable_all_campaigns":false,"_monsterinsights_skip_tracking":false,"_monsterinsights_sitenote_active":false,"_monsterinsights_sitenote_note":"","_monsterinsights_sitenote_category":0},"product_cat":[65,61,57],"product_tag":[68,98,50,49,48,51],"class_list":["post-4502","product","type-product","status-publish","has-post-thumbnail","hentry","product_cat-sezonzimowy","product_cat-snowboarding","product_cat-zajecia-power-people","product_tag-sits","product_tag-asystent-instruktora","product_tag-ebook","product_tag-narty","product_tag-snowboarding","product_tag-zima"],"aioseo_notices":[],"blog_post_layout_featured_media_urls":{"thumbnail":["https:\/\/powpowriders.com\/pow-store\/wp-content\/uploads\/2024\/05\/Shop-Icon-3-1-150x150.png",150,150,true],"full":["https:\/\/powpowriders.com\/pow-store\/wp-content\/uploads\/2024\/05\/Shop-Icon-3-1.png",500,500,false]},"categories":["33"],"categories_names":{"33":{"name":"variable","link":"https:\/\/powpowriders.com\/pow-store\/?taxonomy=product_type&term=variable"}},"comments_number":"0","_links":{"self":[{"href":"https:\/\/powpowriders.com\/pow-store\/wp-json\/wp\/v2\/product\/4502","targetHints":{"allow":["GET"]}}],"collection":[{"href":"https:\/\/powpowriders.com\/pow-store\/wp-json\/wp\/v2\/product"}],"about":[{"href":"https:\/\/powpowriders.com\/pow-store\/wp-json\/wp\/v2\/types\/product"}],"replies":[{"embeddable":true,"href":"https:\/\/powpowriders.com\/pow-store\/wp-json\/wp\/v2\/comments?post=4502"}],"wp:featuredmedia":[{"embeddable":true,"href":"https:\/\/powpowriders.com\/pow-store\/wp-json\/wp\/v2\/media\/4819"}],"wp:attachment":[{"href":"https:\/\/powpowriders.com\/pow-store\/wp-json\/wp\/v2\/media?parent=4502"}],"wp:term":[{"taxonomy":"product_cat","embeddable":true,"href":"https:\/\/powpowriders.com\/pow-store\/wp-json\/wp\/v2\/product_cat?post=4502"},{"taxonomy":"product_tag","embeddable":true,"href":"https:\/\/powpowriders.com\/pow-store\/wp-json\/wp\/v2\/product_tag?post=4502"}],"curies":[{"name":"wp","href":"https:\/\/api.w.org\/{rel}","templated":true}]}}