{"id":4836,"date":"2025-11-08T12:37:44","date_gmt":"2025-11-08T10:37:44","guid":{"rendered":"https:\/\/powpowriders.com\/pow-store\/?post_type=product&#038;p=4836"},"modified":"2025-11-08T20:13:35","modified_gmt":"2025-11-08T18:13:35","slug":"polkolonie-snowboardowe-pow-pow","status":"publish","type":"product","link":"https:\/\/powpowriders.com\/pow-store\/produkt\/polkolonie-snowboardowe-pow-pow\/","title":{"rendered":"P\u00f3\u0142kolonie snowboardowe | 9\u201322.02.26"},"content":{"rendered":"<p class=\"jsx-45c3f31c667dda4c\"><strong>PROGRAM <\/strong><\/p>\n<p class=\"jsx-45c3f31c667dda4c\">+ dedykowany dla dzieci i m\u0142odzie\u017cy w wieku 9\/10\u201316 lat<br class=\"jsx-45c3f31c667dda4c\" \/>+ dwa poziomy zaawansowania &#8211; poziom wyj\u015bciowy: <br class=\"jsx-45c3f31c667dda4c\" \/>podstawowy \u2013 BASIC, czyli pierwsza deska\/pierwsze ze\u015blizgi<br class=\"jsx-45c3f31c667dda4c\" \/>podstawowy plus \u2013 BASIC PLUS, czyli swobodne skr\u0119ty \u015blizgowe front\/back w wolnej pr\u0119dko\u015bci<\/p>\n<p><strong>CENA DOTYCZY SZKOLENIA NA STOKU<\/strong> , obejmuje r\u00f3wnie\u017c ni\u017cej wymienione punkty:<\/p>\n<p class=\"jsx-45c3f31c667dda4c\"><img loading=\"lazy\" decoding=\"async\" class=\"jsx-45c3f31c667dda4c\" src=\"\/img\/snow-pow-camp\/accept-circular-button-outline.png\" alt=\"znaczek akceptacji\" width=\"16\" height=\"16\" \/>profesjonalne szkolenie snowboardowe z wykwalifikowan\u0105 kadr\u0105<\/p>\n<p class=\"jsx-45c3f31c667dda4c\"><img loading=\"lazy\" decoding=\"async\" class=\"jsx-45c3f31c667dda4c\" src=\"\/img\/snow-pow-camp\/accept-circular-button-outline.png\" alt=\"znaczek akceptacji\" width=\"16\" height=\"16\" \/>podzia\u0142 na grupy szkoleniowe pod wzgl\u0119dem zaawansowania<\/p>\n<p class=\"jsx-45c3f31c667dda4c\"><img loading=\"lazy\" decoding=\"async\" class=\"jsx-45c3f31c667dda4c\" src=\"\/img\/snow-pow-camp\/accept-circular-button-outline.png\" alt=\"znaczek akceptacji\" width=\"16\" height=\"16\" \/>kameralne grupy pozwalaj\u0105ce na indywidualne podej\u015bcie<\/p>\n<p><img loading=\"lazy\" decoding=\"async\" class=\"jsx-45c3f31c667dda4c\" src=\"\/img\/snow-pow-camp\/accept-circular-button-outline.png\" alt=\"znaczek akceptacji\" width=\"16\" height=\"16\" \/>zaj\u0119cia oparte o budowanie odporno\u015bci psychicznej m\u0142odych snowboardzist\u00f3w<\/p>\n<p class=\"jsx-45c3f31c667dda4c\"><img loading=\"lazy\" decoding=\"async\" class=\"jsx-45c3f31c667dda4c\" src=\"\/img\/snow-pow-camp\/accept-circular-button-outline.png\" alt=\"znaczek akceptacji\" width=\"16\" height=\"16\" \/>videoanaliz\u0119 z om\u00f3wieniem instruktorskim<\/p>\n<p class=\"jsx-45c3f31c667dda4c\"><img loading=\"lazy\" decoding=\"async\" class=\"jsx-45c3f31c667dda4c\" src=\"\/img\/snow-pow-camp\/accept-circular-button-outline.png\" alt=\"znaczek akceptacji\" width=\"16\" height=\"16\" \/>opiek\u0119 instruktorsk\u0105 podczas ca\u0142ego dnia na stoku<\/p>\n<p class=\"jsx-45c3f31c667dda4c\"><img loading=\"lazy\" decoding=\"async\" class=\"jsx-45c3f31c667dda4c\" src=\"\/img\/snow-pow-camp\/accept-circular-button-outline.png\" alt=\"znaczek akceptacji\" width=\"16\" height=\"16\" \/>prezent dla snowboardzisty<\/p>\n<p class=\"jsx-45c3f31c667dda4c\"><img loading=\"lazy\" decoding=\"async\" class=\"jsx-45c3f31c667dda4c\" src=\"\/img\/snow-pow-camp\/accept-circular-button-outline.png\" alt=\"znaczek akceptacji\" width=\"16\" height=\"16\" \/>certyfikacje umiej\u0119tno\u015bci po szkoleniu \u2013 indywidualna karta snowboardowa<\/p>\n<p class=\"jsx-45c3f31c667dda4c\"><img loading=\"lazy\" decoding=\"async\" class=\"jsx-45c3f31c667dda4c\" src=\"\/img\/snow-pow-camp\/accept-circular-button-outline.png\" alt=\"znaczek akceptacji\" width=\"16\" height=\"16\" \/>kreatywny program: rozw\u00f3j, rekreacja, integracja<\/p>\n<p class=\"jsx-45c3f31c667dda4c\"><img loading=\"lazy\" decoding=\"async\" class=\"jsx-45c3f31c667dda4c\" src=\"\/img\/snow-pow-camp\/accept-circular-button-outline.png\" alt=\"znaczek akceptacji\" width=\"16\" height=\"16\" \/>wsparcie trenera mentalnego w sporcie, przez ca\u0142y czas trwania szkolenia<\/p>\n<p><img loading=\"lazy\" decoding=\"async\" class=\"jsx-45c3f31c667dda4c\" src=\"\/img\/snow-pow-camp\/accept-circular-button-outline.png\" alt=\"znaczek akceptacji\" width=\"16\" height=\"16\" \/>freestyle jam \u2013 jazdy w snowparku \u2013 nauk\u0119 ewolucji \u2013 dotyczy grup zaawansowanych<\/p>\n<p data-start=\"160\" data-end=\"185\"><strong data-start=\"160\" data-end=\"185\">KARNET \u2013 informacje<\/strong><\/p>\n<p data-start=\"187\" data-end=\"409\">Rodzic zobowi\u0105zany jest do zakupu <strong data-start=\"221\" data-end=\"250\">karnetu na czas szkolenia<\/strong>, zgodnie z wytycznymi organizatora.<br data-start=\"286\" data-end=\"289\" \/><strong data-start=\"289\" data-end=\"407\">Szczeg\u00f3\u0142owe informacje dotycz\u0105ce rodzaju karnetu zostan\u0105 przekazane przed rozpocz\u0119ciem szkolenia.<\/strong><\/p>\n<p data-start=\"411\" data-end=\"478\"><strong data-start=\"411\" data-end=\"438\">Kurs od podstaw \u2013 BASIC<\/strong><br data-start=\"438\" data-end=\"441\" \/>W tym przypadku przewidujemy karnety:<\/p>\n<ul data-start=\"479\" data-end=\"612\">\n<li data-start=\"479\" data-end=\"515\">\n<p data-start=\"481\" data-end=\"515\"><strong data-start=\"481\" data-end=\"493\">wjazdowe<\/strong> \u2013 jeden wjazd 4 z\u0142,<\/p>\n<\/li>\n<li data-start=\"516\" data-end=\"612\">\n<p data-start=\"518\" data-end=\"612\"><strong data-start=\"518\" data-end=\"532\">ca\u0142odniowe<\/strong> \u2013 65 z\u0142 (Bia\u0142y Krzy\u017c), 85 z\u0142 (Szczyrk \u2013 dziecko do 11 r.\u017c.), 100 z\u0142 (junior).<\/p>\n<\/li>\n<\/ul>\n<p data-start=\"712\" data-end=\"773\"><strong data-start=\"712\" data-end=\"732\">Grupa BASIC PLUS<\/strong><br data-start=\"732\" data-end=\"735\" \/>Wymagane s\u0105 <strong data-start=\"747\" data-end=\"770\">karnety kilkudniowe<\/strong>:<\/p>\n<ul data-start=\"774\" data-end=\"908\">\n<li data-start=\"774\" data-end=\"837\">\n<p data-start=\"776\" data-end=\"837\"><strong data-start=\"776\" data-end=\"787\">Szczyrk<\/strong> \u2013 235 z\u0142 (dziecko do 11 r.\u017c.), 289 z\u0142 (junior),<\/p>\n<\/li>\n<li data-start=\"838\" data-end=\"908\">\n<p data-start=\"840\" data-end=\"908\"><strong data-start=\"840\" data-end=\"855\">Czarny Gro\u0144<\/strong> \u2013 230\u2013322 z\u0142 (w zale\u017cno\u015bci od wybranego wariantu).<\/p>\n<\/li>\n<\/ul>\n<p>Rodzaj karnetu zale\u017cy od <strong data-start=\"639\" data-end=\"662\">decyzji instruktora<\/strong> oraz <strong data-start=\"668\" data-end=\"707\">tempa rozwoju uczestnik\u00f3w szkolenia.<\/strong><\/p>\n<p data-start=\"915\" data-end=\"938\"><strong data-start=\"915\" data-end=\"936\">Powy\u017cszy cennik o\u015brodk\u00f3w: <\/strong><strong data-start=\"941\" data-end=\"956\">Bia\u0142y Krzy\u017c<\/strong> \u2013 2024\/2025, <strong data-start=\"979\" data-end=\"990\">Szczyrk<\/strong> \u2013 sezon 2025\/2026 (stan na 7.11 \u2013 cennik zmienny), <strong data-start=\"1045\" data-end=\"1060\">Czarny Gro\u0144<\/strong> \u2013 sezon 2025\/2026 (cennik sta\u0142y).<\/p>\n<p>&nbsp;<\/p>\n<p><b>HARMONOGRAM P\u0141ATNO\u015aCI ZALICZKOWEJ:<\/b><\/p>\n<p><span style=\"font-weight: 400;\">\u2013 zaliczka 50% podczas zapis\u00f3w \u00a0(p\u0142atno\u015b\u0107 przelewem tradycyjnym do 48h od zam\u00f3wienia) na dane firmy:<\/span><\/p>\n<p>CRE \u221e POWDER POWER RIDERS Kamila \u015awi\u0119czkowska<\/p>\n<p><strong>74 1140 2004 0000 3102 8070 7864<\/strong><\/p>\n<p><strong>Tytu\u0142: nr zam\u00f3wienia \/ termin \/ uczestnik \/ zaliczka<\/strong><\/p>\n<p><span style=\"font-weight: 400;\">\u2013 do 3 tyg. przed kursem \u2013 pozosta\u0142a cz\u0119\u015b\u0107 op\u0142aty za kurs (p\u0142atno\u015b\u0107 przelewem tradycyjnym)<\/span><\/p>\n<p><b>ZASADY REZYGNACJI:<\/b><\/p>\n<p><span class=\"jsx-62cea66720eb3f1\">Dost\u0119pne w regulaminie. Regulamin dost\u0119pny jest podczas sk\u0142adania zam\u00f3wienia w pdf.<\/span><\/p>\n<p><b>Op\u0142acenie zam\u00f3wienia jest r\u00f3wnoznaczne z akceptacj\u0105 regulaminu Pow Pow Riders.\u00a0<\/b><\/p>\n<p>&nbsp;<\/p>\n<p data-start=\"135\" data-end=\"191\"><strong data-start=\"135\" data-end=\"191\">INFORMACJA DLA RODZICA \/ OPIEKUNA \u2013 organizacja dnia szkolenia<\/strong><\/p>\n<p data-start=\"193\" data-end=\"322\">W dniu szkolenia, o um\u00f3wionej godzinie zbi\u00f3rki, rodzic przyprowadza <strong data-start=\"261\" data-end=\"288\">dziecko gotowe do zaj\u0119\u0107<\/strong>, wyposa\u017cone w niezb\u0119dny sprz\u0119t oraz karnet.<\/p>\n<p data-start=\"324\" data-end=\"354\"><strong data-start=\"324\" data-end=\"354\">Gotowo\u015b\u0107 do zaj\u0119\u0107 oznacza:<\/strong><\/p>\n<ul data-start=\"355\" data-end=\"599\">\n<li data-start=\"355\" data-end=\"384\">\n<p data-start=\"357\" data-end=\"384\">poprawnie zawi\u0105zane buty,<\/p>\n<\/li>\n<li data-start=\"385\" data-end=\"464\">\n<p data-start=\"387\" data-end=\"464\">dziecko ubrane w <strong data-start=\"404\" data-end=\"426\">str\u00f3j snowboardowy<\/strong> dostosowany do warunk\u00f3w pogodowych,<\/p>\n<\/li>\n<li data-start=\"465\" data-end=\"511\">\n<p data-start=\"467\" data-end=\"511\"><strong data-start=\"467\" data-end=\"482\">ma\u0142y termos<\/strong> z herbat\u0105 lub ciep\u0142\u0105 wod\u0105,<\/p>\n<\/li>\n<li data-start=\"512\" data-end=\"542\">\n<p data-start=\"514\" data-end=\"542\"><strong data-start=\"514\" data-end=\"539\">przek\u0105sk\u0119 kieszonkow\u0105<\/strong>,<\/p>\n<\/li>\n<li data-start=\"543\" data-end=\"599\">\n<p data-start=\"545\" data-end=\"599\"><strong data-start=\"545\" data-end=\"571\">ewentualne kieszonkowe<\/strong> \u2013 wed\u0142ug uznania rodzica.<\/p>\n<\/li>\n<\/ul>\n<p data-start=\"601\" data-end=\"981\">Dziecko nale\u017cy odebra\u0107 o <strong data-start=\"626\" data-end=\"648\">ustalonej godzinie<\/strong> po zako\u0144czeniu szkolenia.<br data-start=\"674\" data-end=\"677\" \/>Godzina zako\u0144czenia mo\u017ce ulec <strong data-start=\"707\" data-end=\"733\">wyd\u0142u\u017ceniu do 30 minut<\/strong>, je\u015bli wyst\u0105pi\u0105 okoliczno\u015bci takie jak: kolejki, zwi\u0119kszony ruch na stoku, zm\u0119czenie lub inne dzieci\u0119ce potrzeby. W takich sytuacjach <strong data-start=\"870\" data-end=\"919\">opieka i bezpiecze\u0144stwo dzieci s\u0105 priorytetem<\/strong>, dlatego <strong data-start=\"929\" data-end=\"978\">zjazd na zbi\u00f3rk\u0119 mo\u017ce si\u0119 odpowiednio op\u00f3\u017ani\u0107, o czym niezw\u0142ocznie poinformuje instruktor prowadz\u0105cy szkolenie.<\/strong><\/p>\n","protected":false},"excerpt":{"rendered":"<div class=\"jsx-45c3f31c667dda4c butter-kafel\">\n<div class=\"jsx-45c3f31c667dda4c what-is-it\">\n<p>Technika jazdy | zabawa | freestyle<\/p>\n<p>+ dwa poziomy zaawansowania<br class=\"jsx-45c3f31c667dda4c\" \/>+ kameralne grupy \u2013 od 2 do 6 os\u00f3b<br class=\"jsx-45c3f31c667dda4c\" \/>+ profesjonalni instruktorzy SITS<\/p>\n<p class=\"jsx-45c3f31c667dda4c\">BASIC <span style=\"font-size: 16px;\">9\u201310.02.2026 \u2013 <\/span><span style=\"font-size: 16px;\">Bia\u0142y Krzy\u017c (k. Szczyrku)<\/span><\/p>\n<\/div>\n<\/div>\n<div class=\"jsx-45c3f31c667dda4c butter-kafel\">\n<div class=\"jsx-45c3f31c667dda4c what-is-it\">\n<p class=\"jsx-45c3f31c667dda4c\">BASIC <span style=\"font-size: 16px;\">20\u201322.02.2026 \u2013 <\/span><span style=\"font-size: 16px;\">Bia\u0142y Krzy\u017c + Szczyrk<\/span><\/p>\n<\/div>\n<\/div>\n<div class=\"jsx-45c3f31c667dda4c butter-kafel\">\n<div class=\"jsx-45c3f31c667dda4c what-is-it\">\n<p class=\"jsx-45c3f31c667dda4c\">BASIC PLUS <span style=\"font-size: 16px;\">13\u201315.02.2026 \u2013 <\/span><span style=\"font-size: 16px;\">Czarny Gro\u0144 (niedaleko Szczyrku)<\/span><\/p>\n<\/div>\n<div class=\"jsx-45c3f31c667dda4c write-me-to-butter\"><\/div>\n<\/div>\n<div class=\"jsx-45c3f31c667dda4c butter-kafel\">\n<div class=\"jsx-45c3f31c667dda4c what-is-it\">\n<p class=\"jsx-45c3f31c667dda4c\">BASIC PLUS <span style=\"font-size: 16px;\">16\u201318.02.2026 \u2013 <\/span><span style=\"font-size: 16px;\">Szczyrk<\/span><\/p>\n<\/div>\n<\/div>\n","protected":false},"featured_media":4837,"comment_status":"open","ping_status":"closed","template":"","meta":{"om_disable_all_campaigns":false,"_monsterinsights_skip_tracking":false,"_monsterinsights_sitenote_active":false,"_monsterinsights_sitenote_note":"","_monsterinsights_sitenote_category":0},"product_cat":[105,103,65,61,104],"product_tag":[],"class_list":["post-4836","product","type-product","status-publish","has-post-thumbnail","hentry","product_cat-dladzieci","product_cat-polkolonie","product_cat-sezonzimowy","product_cat-snowboarding","product_cat-zimowisko"],"aioseo_notices":[],"blog_post_layout_featured_media_urls":{"thumbnail":["https:\/\/powpowriders.com\/pow-store\/wp-content\/uploads\/2025\/11\/Shop-Icon-5-150x150.png",150,150,true],"full":["https:\/\/powpowriders.com\/pow-store\/wp-content\/uploads\/2025\/11\/Shop-Icon-5.png",500,500,false]},"categories":["33"],"categories_names":{"33":{"name":"variable","link":"https:\/\/powpowriders.com\/pow-store\/?taxonomy=product_type&term=variable"}},"comments_number":"0","_links":{"self":[{"href":"https:\/\/powpowriders.com\/pow-store\/wp-json\/wp\/v2\/product\/4836","targetHints":{"allow":["GET"]}}],"collection":[{"href":"https:\/\/powpowriders.com\/pow-store\/wp-json\/wp\/v2\/product"}],"about":[{"href":"https:\/\/powpowriders.com\/pow-store\/wp-json\/wp\/v2\/types\/product"}],"replies":[{"embeddable":true,"href":"https:\/\/powpowriders.com\/pow-store\/wp-json\/wp\/v2\/comments?post=4836"}],"wp:featuredmedia":[{"embeddable":true,"href":"https:\/\/powpowriders.com\/pow-store\/wp-json\/wp\/v2\/media\/4837"}],"wp:attachment":[{"href":"https:\/\/powpowriders.com\/pow-store\/wp-json\/wp\/v2\/media?parent=4836"}],"wp:term":[{"taxonomy":"product_cat","embeddable":true,"href":"https:\/\/powpowriders.com\/pow-store\/wp-json\/wp\/v2\/product_cat?post=4836"},{"taxonomy":"product_tag","embeddable":true,"href":"https:\/\/powpowriders.com\/pow-store\/wp-json\/wp\/v2\/product_tag?post=4836"}],"curies":[{"name":"wp","href":"https:\/\/api.w.org\/{rel}","templated":true}]}}